{"id":953,"date":"2016-03-23T11:20:22","date_gmt":"2016-03-23T11:20:22","guid":{"rendered":"http:\/\/walker.edge-themes.com\/?page_id=953"},"modified":"2019-12-20T18:16:16","modified_gmt":"2019-12-20T18:16:16","slug":"servicios-y-productos","status":"publish","type":"page","link":"https:\/\/spelperruquers.com\/es\/servicios-y-productos\/","title":{"rendered":"Servicios"},"content":{"rendered":"<div class=\"wpb-content-wrapper\"><div class=\"vc_row wpb_row vc_row-fluid edgtf-section edgtf-content-aligment-left edgtf-grid-section\" style=\"\"><div class=\"clearfix edgtf-section-inner\"><div class=\"edgtf-section-inner-margin clearfix\"><div class=\"wpb_column vc_column_container vc_col-sm-12\"><div class=\"vc_column-inner\"><div class=\"wpb_wrapper\"><div class=\"edgtf-st-holder edgtf-st-title-position-center\" style=\"margin-top: 30px\">\n\t\t\t<div class=\"edgtf-st-left-separator\">\n\t\t\t<span style=\"background-color: #cccccc\"><\/span>\n\t\t<\/div>\n\t\t<h2 class=\"edgtf-st-title\" >\n\t\t\t<span>SERVICIOS<\/span>\n\t\t<\/h2>\n\t\t<div class=\"edgtf-st-right-separator\">\n\t\t\t<span style=\"background-color: #cccccc\"><\/span>\n\t\t<\/div>\n\t<\/div><\/div><\/div><\/div><\/div><\/div><\/div><div class=\"vc_row wpb_row vc_row-fluid edgtf-section vc_custom_1489532438927 edgtf-content-aligment-left edgtf-grid-section\" style=\"\"><div class=\"clearfix edgtf-section-inner\"><div class=\"edgtf-section-inner-margin clearfix\"><div class=\"wpb_column vc_column_container vc_col-sm-6\"><div class=\"vc_column-inner\"><div class=\"wpb_wrapper\"><div class=\"edgtf-accordion-holder clearfix edgtf-ac-default edgtf-accordion \">\n\t<h5 class=\"clearfix edgtf-title-holder\">\n    <span class=\"edgtf-accordion-mark\">\n\t\t<span class=\"edgtf-accordion-mark-icon\">\n\t\t\t<span class=\"edgtf_icon_plus icon-arrows-plus\"><\/span>\n\t\t\t<span class=\"edgtf_icon_minus icon-arrows-minus\"><\/span>\n\t\t<\/span>\n\t<\/span>\n\t<span class=\"edgtf-tab-title\">Asesor\u00eda y diagn\u00f3stico de cabello<\/span>\n\t<\/span>\n<\/h5>\n<div class=\"edgtf-accordion-content\">\n\t<div class=\"edgtf-accordion-content-inner\">\n\t\t\n\t<div class=\"wpb_text_column wpb_content_element\" >\n\t\t<div class=\"wpb_wrapper\">\n\t\t\t<p>Hoy en d\u00eda la imagen es vital para sentirse bien con uno mismo y prosperar en otros \u00e1mbitos de la vida. Por esto equipo SPEL te ofrece un asesoramiento de imagen personalizado.<\/p>\n<p>Antes de realizar cualquier tipo de tratamiento o coloraci\u00f3n es de vital importancia realizar un diagn\u00f3stico del cabello para determinar las necesidades b\u00e1sicas de cada cliente. En nuestro Sal\u00f3n ofrecemos este servicio con el respaldo de los mejores laboratorios como l\u2019Or\u00e9al o K\u00e9rastase.<\/p>\n\n\t\t<\/div>\n\t<\/div>\n\t<\/div>\n<\/div><h5 class=\"clearfix edgtf-title-holder\">\n    <span class=\"edgtf-accordion-mark\">\n\t\t<span class=\"edgtf-accordion-mark-icon\">\n\t\t\t<span class=\"edgtf_icon_plus icon-arrows-plus\"><\/span>\n\t\t\t<span class=\"edgtf_icon_minus icon-arrows-minus\"><\/span>\n\t\t<\/span>\n\t<\/span>\n\t<span class=\"edgtf-tab-title\">Rituales y cuidado del cabello<\/span>\n\t<\/span>\n<\/h5>\n<div class=\"edgtf-accordion-content\">\n\t<div class=\"edgtf-accordion-content-inner\">\n\t\t\n\t<div class=\"wpb_text_column wpb_content_element\" >\n\t\t<div class=\"wpb_wrapper\">\n\t\t\t<p>Las marcas colaboradoras de las que disponemos nos permiten ofrecer un amplio abanico de tratamientos y rituales personalizados, para la belleza y salud del cabello.<\/p>\n\n\t\t<\/div>\n\t<\/div>\n\t<\/div>\n<\/div><h5 class=\"clearfix edgtf-title-holder\">\n    <span class=\"edgtf-accordion-mark\">\n\t\t<span class=\"edgtf-accordion-mark-icon\">\n\t\t\t<span class=\"edgtf_icon_plus icon-arrows-plus\"><\/span>\n\t\t\t<span class=\"edgtf_icon_minus icon-arrows-minus\"><\/span>\n\t\t<\/span>\n\t<\/span>\n\t<span class=\"edgtf-tab-title\">Corte, Styling y recogidos<\/span>\n\t<\/span>\n<\/h5>\n<div class=\"edgtf-accordion-content\">\n\t<div class=\"edgtf-accordion-content-inner\">\n\t\t\n\t<div class=\"wpb_text_column wpb_content_element\" >\n\t\t<div class=\"wpb_wrapper\">\n\t\t\t<p>Con la ayuda de t\u00e9cnicas de estilismo hacemos un estudio personalizado y detallado de las formas, vol\u00famenes y l\u00edneas faciales del rostro para dar valor a la belleza y adaptar las posibilidades del estilismo intentando encontrar el estilo m\u00e1s adecuado al ritmo de vida del cliente.<\/p>\n<p>Ofrecemos acabados impecables, ya sea en liso o en ondulado, utilizando todo tipo de materiales y t\u00e9cnicas estilistas.<\/p>\n<p>Los recogidos son una manera vers\u00e1til de lucir el cabello en eventos especiales. SPEL ofrece peinados adaptados al estilo y forma facial del cliente aportando elegancia y glamour.<\/p>\n\n\t\t<\/div>\n\t<\/div>\n\t<\/div>\n<\/div><h5 class=\"clearfix edgtf-title-holder\">\n    <span class=\"edgtf-accordion-mark\">\n\t\t<span class=\"edgtf-accordion-mark-icon\">\n\t\t\t<span class=\"edgtf_icon_plus icon-arrows-plus\"><\/span>\n\t\t\t<span class=\"edgtf_icon_minus icon-arrows-minus\"><\/span>\n\t\t<\/span>\n\t<\/span>\n\t<span class=\"edgtf-tab-title\">Forma en movimiento<\/span>\n\t<\/span>\n<\/h5>\n<div class=\"edgtf-accordion-content\">\n\t<div class=\"edgtf-accordion-content-inner\">\n\t\t\n\t<div class=\"wpb_text_column wpb_content_element\" >\n\t\t<div class=\"wpb_wrapper\">\n\t\t\t<p>Servicios revolucionarios que transforman los cabellos rebeldes en f\u00e1cil manejo. Ondas femeninas y vol\u00famenes, o lisos extremos.<\/p>\n\n\t\t<\/div>\n\t<\/div>\n\t<\/div>\n<\/div><h5 class=\"clearfix edgtf-title-holder\">\n    <span class=\"edgtf-accordion-mark\">\n\t\t<span class=\"edgtf-accordion-mark-icon\">\n\t\t\t<span class=\"edgtf_icon_plus icon-arrows-plus\"><\/span>\n\t\t\t<span class=\"edgtf_icon_minus icon-arrows-minus\"><\/span>\n\t\t<\/span>\n\t<\/span>\n\t<span class=\"edgtf-tab-title\">Extensiones<\/span>\n\t<\/span>\n<\/h5>\n<div class=\"edgtf-accordion-content\">\n\t<div class=\"edgtf-accordion-content-inner\">\n\t\t\n\t<div class=\"wpb_text_column wpb_content_element\" >\n\t\t<div class=\"wpb_wrapper\">\n\t\t\t<p>Disponemos de una gran variedad de t\u00e9cnicas para mejorar la densidad y largo del cabello para chicas que sue\u00f1an con una melena espectacular.<\/p>\n<p>En SPEL trabajamos con productos de la prestigiosa marca austriaca Hair Dreams de extensiones de cabello natural, l\u00edder en el mercado por su calidad.<\/p>\n<p>Hairdreams usa exclusivamente cabello natural de la mayor calidad que se distingue por una salud del cabello excepcional as\u00ed como por una fuerza y elasticidad naturales. Los cabellos se consiguen en todo el mundo bajo estrictas normas \u00e9ticas. Luego pasan estrictos controles de calidad de Hairdreams y finalmente son ennoblecidos de forma suave con m\u00e9todos patentados.<\/p>\n\n\t\t<\/div>\n\t<\/div>\n\t<\/div>\n<\/div><\/div><div class=\"vc_empty_space\"   style=\"height: 40px\"><span class=\"vc_empty_space_inner\"><\/span><\/div><\/div><\/div><\/div><div class=\"wpb_column vc_column_container vc_col-sm-6\"><div class=\"vc_column-inner\"><div class=\"wpb_wrapper\"><div class=\"edgtf-accordion-holder clearfix edgtf-ac-default edgtf-accordion \">\n\t<h5 class=\"clearfix edgtf-title-holder\">\n    <span class=\"edgtf-accordion-mark\">\n\t\t<span class=\"edgtf-accordion-mark-icon\">\n\t\t\t<span class=\"edgtf_icon_plus icon-arrows-plus\"><\/span>\n\t\t\t<span class=\"edgtf_icon_minus icon-arrows-minus\"><\/span>\n\t\t<\/span>\n\t<\/span>\n\t<span class=\"edgtf-tab-title\">Maquillaje<\/span>\n\t<\/span>\n<\/h5>\n<div class=\"edgtf-accordion-content\">\n\t<div class=\"edgtf-accordion-content-inner\">\n\t\t\n\t<div class=\"wpb_text_column wpb_content_element\" >\n\t\t<div class=\"wpb_wrapper\">\n\t\t\t<p>Referente al maquillaje utilizamos la l\u00ednea de cosm\u00e9tica de Jorge de la Garza, un producto antial\u00e9rgico que gusta mucho a todas las edades ya que ofrece una gran variedad de colores y texturas. Nuestro equipo SPEL nos encanta el\u00a0maquillaje de tendencia por eso recibimos formaciones constantes para aprender las \u00faltimas novedades de cada temporada con los mejores profesionales.<\/p>\n\n\t\t<\/div>\n\t<\/div>\n\t<\/div>\n<\/div><h5 class=\"clearfix edgtf-title-holder\">\n    <span class=\"edgtf-accordion-mark\">\n\t\t<span class=\"edgtf-accordion-mark-icon\">\n\t\t\t<span class=\"edgtf_icon_plus icon-arrows-plus\"><\/span>\n\t\t\t<span class=\"edgtf_icon_minus icon-arrows-minus\"><\/span>\n\t\t<\/span>\n\t<\/span>\n\t<span class=\"edgtf-tab-title\">Coloraci\u00f3n<\/span>\n\t<\/span>\n<\/h5>\n<div class=\"edgtf-accordion-content\">\n\t<div class=\"edgtf-accordion-content-inner\">\n\t\t\n\t<div class=\"wpb_text_column wpb_content_element\" >\n\t\t<div class=\"wpb_wrapper\">\n\t\t\t<p>En SPEL escogemos la coloraci\u00f3n personalizada con los mejores productos y t\u00e9cnicas m\u00e1s actuales y avanzadas: coloraci\u00f3n sin amon\u00edaco, un resultado de color natural y duradero y una cobertura perfecta, coloraci\u00f3n flash para un reflejo profundo y una suavidad excepcional. Adem\u00e1s de la coloraci\u00f3n cl\u00e1sica ofrecemos las \u00faltimas tendencias en t\u00e9cnicas de reflejos como son: t\u00e9cnica californiana, babylight, balayage, hair strobing, degrade\u00e9, etc. Son coloraciones de alta tenacidad que tratan el cabello de la forma m\u00e1s natural.<\/p>\n\n\t\t<\/div>\n\t<\/div>\n\t<\/div>\n<\/div><h5 class=\"clearfix edgtf-title-holder\">\n    <span class=\"edgtf-accordion-mark\">\n\t\t<span class=\"edgtf-accordion-mark-icon\">\n\t\t\t<span class=\"edgtf_icon_plus icon-arrows-plus\"><\/span>\n\t\t\t<span class=\"edgtf_icon_minus icon-arrows-minus\"><\/span>\n\t\t<\/span>\n\t<\/span>\n\t<span class=\"edgtf-tab-title\">Para \u00e9l<\/span>\n\t<\/span>\n<\/h5>\n<div class=\"edgtf-accordion-content\">\n\t<div class=\"edgtf-accordion-content-inner\">\n\t\t\n\t<div class=\"wpb_text_column wpb_content_element\" >\n\t\t<div class=\"wpb_wrapper\">\n\t\t\t<p>Cuidamos la belleza m\u00e1s masculina ofreciendo un amplio abanico de servicios con todas las tendencias actuales de corte y est\u00e9tica.<\/p>\n\n\t\t<\/div>\n\t<\/div>\n\t<\/div>\n<\/div><h5 class=\"clearfix edgtf-title-holder\">\n    <span class=\"edgtf-accordion-mark\">\n\t\t<span class=\"edgtf-accordion-mark-icon\">\n\t\t\t<span class=\"edgtf_icon_plus icon-arrows-plus\"><\/span>\n\t\t\t<span class=\"edgtf_icon_minus icon-arrows-minus\"><\/span>\n\t\t<\/span>\n\t<\/span>\n\t<span class=\"edgtf-tab-title\">Ni\u00f1os<\/span>\n\t<\/span>\n<\/h5>\n<div class=\"edgtf-accordion-content\">\n\t<div class=\"edgtf-accordion-content-inner\">\n\t\t\n\t<div class=\"wpb_text_column wpb_content_element\" >\n\t\t<div class=\"wpb_wrapper\">\n\t\t\t<p>Aparte de dar servicio a las se\u00f1oras y caballeros, tambi\u00e9n cuidamos la imagen de los m\u00e1s peque\u00f1os. Gracias a las nuevas tecnolog\u00edas y juegos de mesa, los ni\u00f1os se entretienen y disfrutan mientras se les hace el servicio.<\/p>\n\n\t\t<\/div>\n\t<\/div>\n\t<\/div>\n<\/div><h5 class=\"clearfix edgtf-title-holder\">\n    <span class=\"edgtf-accordion-mark\">\n\t\t<span class=\"edgtf-accordion-mark-icon\">\n\t\t\t<span class=\"edgtf_icon_plus icon-arrows-plus\"><\/span>\n\t\t\t<span class=\"edgtf_icon_minus icon-arrows-minus\"><\/span>\n\t\t<\/span>\n\t<\/span>\n\t<span class=\"edgtf-tab-title\">Tarjetas regalo<\/span>\n\t<\/span>\n<\/h5>\n<div class=\"edgtf-accordion-content\">\n\t<div class=\"edgtf-accordion-content-inner\">\n\t\t\n\t<div class=\"wpb_text_column wpb_content_element\" >\n\t\t<div class=\"wpb_wrapper\">\n\t\t\t<p>Disponemos de diferentes tarjetas regalo adaptadas a cada cliente. Un detalle precioso para regalar belleza y bienestar.<\/p>\n\n\t\t<\/div>\n\t<\/div>\n\t<\/div>\n<\/div><\/div><div class=\"vc_empty_space\"   style=\"height: 40px\"><span class=\"vc_empty_space_inner\"><\/span><\/div><\/div><\/div><\/div><\/div><\/div><\/div><div class=\"vc_row wpb_row vc_row-fluid edgtf-section edgtf-content-aligment-left edgtf-grid-section\" style=\"\"><div class=\"clearfix edgtf-section-inner\"><div class=\"edgtf-section-inner-margin clearfix\"><div class=\"wpb_column vc_column_container vc_col-sm-12\"><div class=\"vc_column-inner\"><div class=\"wpb_wrapper\"><div class=\"edgtf-carousel-holder clearfix\"><div class=\"edgtf-carousel\" data-items=\"6\" data-pagination=\"no\"><div class=\"edgtf-carousel-item-holder\">\n\t\t\t\t\t\t<span class=\"edgtf-carousel-first-image-holder  edgtf-image-zoom\">\n\t\t\t\t<img decoding=\"async\" src=\"https:\/\/spelperruquers.com\/wp-content\/uploads\/2016\/12\/LOREAL_.jpg\" alt=\"Client 1\">\n\t\t\t<\/span>\n\t\t\t\t\t<\/div><div class=\"edgtf-carousel-item-holder\">\n\t\t<a href=\"#\" target=\"_self\">\n\t\t\t\t\t\t<span class=\"edgtf-carousel-first-image-holder  edgtf-image-zoom\">\n\t\t\t\t<img decoding=\"async\" src=\"https:\/\/spelperruquers.com\/wp-content\/uploads\/2016\/12\/AC_Classic_Supplier.jpg\" alt=\"Client 2\">\n\t\t\t<\/span>\n\t\t\t\t\t\t<\/a>\n\t<\/div><div class=\"edgtf-carousel-item-holder\">\n\t\t<a href=\"#\" target=\"_self\">\n\t\t\t\t\t\t<span class=\"edgtf-carousel-first-image-holder  edgtf-image-zoom\">\n\t\t\t\t<img decoding=\"async\" src=\"https:\/\/spelperruquers.com\/wp-content\/uploads\/2016\/12\/hairdreams_.jpg\" alt=\"Client 3\">\n\t\t\t<\/span>\n\t\t\t\t\t\t<\/a>\n\t<\/div><div class=\"edgtf-carousel-item-holder\">\n\t\t<a href=\"#\" target=\"_self\">\n\t\t\t\t\t\t<span class=\"edgtf-carousel-first-image-holder  edgtf-image-zoom\">\n\t\t\t\t<img decoding=\"async\" src=\"https:\/\/spelperruquers.com\/wp-content\/uploads\/2016\/12\/kerastase_.jpg\" alt=\"Client 4\">\n\t\t\t<\/span>\n\t\t\t\t\t\t<\/a>\n\t<\/div><div class=\"edgtf-carousel-item-holder\">\n\t\t<a href=\"#\" target=\"_self\">\n\t\t\t\t\t\t<span class=\"edgtf-carousel-first-image-holder  edgtf-image-zoom\">\n\t\t\t\t<img decoding=\"async\" src=\"https:\/\/spelperruquers.com\/wp-content\/uploads\/2016\/12\/ghd.jpg\" alt=\"Client 5\">\n\t\t\t<\/span>\n\t\t\t\t\t\t<\/a>\n\t<\/div><div class=\"edgtf-carousel-item-holder\">\n\t\t<a href=\"#\" target=\"_self\">\n\t\t\t\t\t\t<span class=\"edgtf-carousel-first-image-holder  edgtf-image-zoom\">\n\t\t\t\t<img decoding=\"async\" src=\"https:\/\/spelperruquers.com\/wp-content\/uploads\/2016\/12\/JG.jpg\" alt=\"Client 6\">\n\t\t\t<\/span>\n\t\t\t\t\t\t<\/a>\n\t<\/div><div class=\"edgtf-carousel-item-holder\">\n\t\t\t\t\t\t<span class=\"edgtf-carousel-first-image-holder  edgtf-image-zoom\">\n\t\t\t\t<img decoding=\"async\" src=\"https:\/\/spelperruquers.com\/wp-content\/uploads\/2017\/02\/trendyhair-logo-01.jpg\" alt=\"Client 7\">\n\t\t\t<\/span>\n\t\t\t\t\t<\/div><\/div><\/div><\/div><\/div><\/div><\/div><\/div><\/div><div class=\"vc_row wpb_row vc_row-fluid edgtf-section edgtf-content-aligment-left\" style=\"\"><div class=\"clearfix edgtf-full-section-inner\"><div class=\"wpb_column vc_column_container vc_col-sm-12\"><div class=\"vc_column-inner\"><div class=\"wpb_wrapper\"><div class=\"vc_empty_space\"   style=\"height: 72px\"><span class=\"vc_empty_space_inner\"><\/span><\/div><\/div><\/div><\/div><\/div><\/div>\n<\/div>","protected":false},"excerpt":{"rendered":"","protected":false},"author":2,"featured_media":0,"parent":0,"menu_order":0,"comment_status":"closed","ping_status":"closed","template":"full-width.php","meta":{"footnotes":""},"yoast_head":"<!-- This site is optimized with the Yoast SEO plugin v23.0 - https:\/\/yoast.com\/wordpress\/plugins\/seo\/ -->\n<title>spel perruquers - Servicios<\/title>\n<meta name=\"robots\" content=\"index, follow, max-snippet:-1, max-image-preview:large, max-video-preview:-1\" \/>\n<link rel=\"canonical\" href=\"https:\/\/spelperruquers.com\/es\/servicios-y-productos\/\" \/>\n<meta property=\"og:locale\" content=\"es_ES\" \/>\n<meta property=\"og:type\" content=\"article\" \/>\n<meta property=\"og:title\" content=\"spel perruquers - Servicios\" \/>\n<meta property=\"og:url\" content=\"https:\/\/spelperruquers.com\/es\/servicios-y-productos\/\" \/>\n<meta property=\"og:site_name\" content=\"spel perruquers\" \/>\n<meta property=\"article:publisher\" content=\"https:\/\/www.facebook.com\/spelperruquers\/\" \/>\n<meta property=\"article:modified_time\" content=\"2019-12-20T18:16:16+00:00\" \/>\n<meta name=\"twitter:card\" content=\"summary_large_image\" \/>\n<meta name=\"twitter:label1\" content=\"Tiempo de lectura\" \/>\n\t<meta name=\"twitter:data1\" content=\"4 minutos\" \/>\n<script type=\"application\/ld+json\" class=\"yoast-schema-graph\">{\"@context\":\"https:\/\/schema.org\",\"@graph\":[{\"@type\":\"WebPage\",\"@id\":\"https:\/\/spelperruquers.com\/ca\/servicios-y-productos\/\",\"url\":\"https:\/\/spelperruquers.com\/ca\/servicios-y-productos\/\",\"name\":\"spel perruquers - Servicios\",\"isPartOf\":{\"@id\":\"https:\/\/spelperruquers.com\/ca\/#website\"},\"datePublished\":\"2016-03-23T11:20:22+00:00\",\"dateModified\":\"2019-12-20T18:16:16+00:00\",\"breadcrumb\":{\"@id\":\"https:\/\/spelperruquers.com\/ca\/servicios-y-productos\/#breadcrumb\"},\"inLanguage\":\"es\",\"potentialAction\":[{\"@type\":\"ReadAction\",\"target\":[\"https:\/\/spelperruquers.com\/ca\/servicios-y-productos\/\"]}]},{\"@type\":\"BreadcrumbList\",\"@id\":\"https:\/\/spelperruquers.com\/ca\/servicios-y-productos\/#breadcrumb\",\"itemListElement\":[{\"@type\":\"ListItem\",\"position\":1,\"name\":\"Portada\",\"item\":\"https:\/\/spelperruquers.com\/\"},{\"@type\":\"ListItem\",\"position\":2,\"name\":\"Servicios\"}]},{\"@type\":\"WebSite\",\"@id\":\"https:\/\/spelperruquers.com\/ca\/#website\",\"url\":\"https:\/\/spelperruquers.com\/ca\/\",\"name\":\"spel perruquers\",\"description\":\"spel by Vanessa Espelt\",\"publisher\":{\"@id\":\"https:\/\/spelperruquers.com\/ca\/#organization\"},\"potentialAction\":[{\"@type\":\"SearchAction\",\"target\":{\"@type\":\"EntryPoint\",\"urlTemplate\":\"https:\/\/spelperruquers.com\/ca\/?s={search_term_string}\"},\"query-input\":\"required name=search_term_string\"}],\"inLanguage\":\"es\"},{\"@type\":\"Organization\",\"@id\":\"https:\/\/spelperruquers.com\/ca\/#organization\",\"name\":\"spel by Vanessa Espelt\",\"url\":\"https:\/\/spelperruquers.com\/ca\/\",\"logo\":{\"@type\":\"ImageObject\",\"inLanguage\":\"es\",\"@id\":\"https:\/\/spelperruquers.com\/ca\/#\/schema\/logo\/image\/\",\"url\":\"https:\/\/spelperruquers.com\/wp-content\/uploads\/2019\/08\/logoweb3.png\",\"contentUrl\":\"https:\/\/spelperruquers.com\/wp-content\/uploads\/2019\/08\/logoweb3.png\",\"width\":343,\"height\":140,\"caption\":\"spel by Vanessa Espelt\"},\"image\":{\"@id\":\"https:\/\/spelperruquers.com\/ca\/#\/schema\/logo\/image\/\"},\"sameAs\":[\"https:\/\/www.facebook.com\/spelperruquers\/\",\"https:\/\/www.instagram.com\/spelperruquers\/\"]}]}<\/script>\n<!-- \/ Yoast SEO plugin. -->","yoast_head_json":{"title":"spel perruquers - Servicios","robots":{"index":"index","follow":"follow","max-snippet":"max-snippet:-1","max-image-preview":"max-image-preview:large","max-video-preview":"max-video-preview:-1"},"canonical":"https:\/\/spelperruquers.com\/es\/servicios-y-productos\/","og_locale":"es_ES","og_type":"article","og_title":"spel perruquers - Servicios","og_url":"https:\/\/spelperruquers.com\/es\/servicios-y-productos\/","og_site_name":"spel perruquers","article_publisher":"https:\/\/www.facebook.com\/spelperruquers\/","article_modified_time":"2019-12-20T18:16:16+00:00","twitter_card":"summary_large_image","twitter_misc":{"Tiempo de lectura":"4 minutos"},"schema":{"@context":"https:\/\/schema.org","@graph":[{"@type":"WebPage","@id":"https:\/\/spelperruquers.com\/ca\/servicios-y-productos\/","url":"https:\/\/spelperruquers.com\/ca\/servicios-y-productos\/","name":"spel perruquers - Servicios","isPartOf":{"@id":"https:\/\/spelperruquers.com\/ca\/#website"},"datePublished":"2016-03-23T11:20:22+00:00","dateModified":"2019-12-20T18:16:16+00:00","breadcrumb":{"@id":"https:\/\/spelperruquers.com\/ca\/servicios-y-productos\/#breadcrumb"},"inLanguage":"es","potentialAction":[{"@type":"ReadAction","target":["https:\/\/spelperruquers.com\/ca\/servicios-y-productos\/"]}]},{"@type":"BreadcrumbList","@id":"https:\/\/spelperruquers.com\/ca\/servicios-y-productos\/#breadcrumb","itemListElement":[{"@type":"ListItem","position":1,"name":"Portada","item":"https:\/\/spelperruquers.com\/"},{"@type":"ListItem","position":2,"name":"Servicios"}]},{"@type":"WebSite","@id":"https:\/\/spelperruquers.com\/ca\/#website","url":"https:\/\/spelperruquers.com\/ca\/","name":"spel perruquers","description":"spel by Vanessa Espelt","publisher":{"@id":"https:\/\/spelperruquers.com\/ca\/#organization"},"potentialAction":[{"@type":"SearchAction","target":{"@type":"EntryPoint","urlTemplate":"https:\/\/spelperruquers.com\/ca\/?s={search_term_string}"},"query-input":"required name=search_term_string"}],"inLanguage":"es"},{"@type":"Organization","@id":"https:\/\/spelperruquers.com\/ca\/#organization","name":"spel by Vanessa Espelt","url":"https:\/\/spelperruquers.com\/ca\/","logo":{"@type":"ImageObject","inLanguage":"es","@id":"https:\/\/spelperruquers.com\/ca\/#\/schema\/logo\/image\/","url":"https:\/\/spelperruquers.com\/wp-content\/uploads\/2019\/08\/logoweb3.png","contentUrl":"https:\/\/spelperruquers.com\/wp-content\/uploads\/2019\/08\/logoweb3.png","width":343,"height":140,"caption":"spel by Vanessa Espelt"},"image":{"@id":"https:\/\/spelperruquers.com\/ca\/#\/schema\/logo\/image\/"},"sameAs":["https:\/\/www.facebook.com\/spelperruquers\/","https:\/\/www.instagram.com\/spelperruquers\/"]}]}},"_links":{"self":[{"href":"https:\/\/spelperruquers.com\/es\/wp-json\/wp\/v2\/pages\/953"}],"collection":[{"href":"https:\/\/spelperruquers.com\/es\/wp-json\/wp\/v2\/pages"}],"about":[{"href":"https:\/\/spelperruquers.com\/es\/wp-json\/wp\/v2\/types\/page"}],"author":[{"embeddable":true,"href":"https:\/\/spelperruquers.com\/es\/wp-json\/wp\/v2\/users\/2"}],"replies":[{"embeddable":true,"href":"https:\/\/spelperruquers.com\/es\/wp-json\/wp\/v2\/comments?post=953"}],"version-history":[{"count":28,"href":"https:\/\/spelperruquers.com\/es\/wp-json\/wp\/v2\/pages\/953\/revisions"}],"predecessor-version":[{"id":6184,"href":"https:\/\/spelperruquers.com\/es\/wp-json\/wp\/v2\/pages\/953\/revisions\/6184"}],"wp:attachment":[{"href":"https:\/\/spelperruquers.com\/es\/wp-json\/wp\/v2\/media?parent=953"}],"curies":[{"name":"wp","href":"https:\/\/api.w.org\/{rel}","templated":true}]}}