{"id":953,"date":"2016-03-23T11:20:22","date_gmt":"2016-03-23T11:20:22","guid":{"rendered":"http:\/\/walker.edge-themes.com\/?page_id=953"},"modified":"2019-12-20T18:16:16","modified_gmt":"2019-12-20T18:16:16","slug":"servicios-y-productos","status":"publish","type":"page","link":"https:\/\/spelperruquers.com\/ca\/servicios-y-productos\/","title":{"rendered":"Serveis"},"content":{"rendered":"<div class=\"wpb-content-wrapper\"><div class=\"vc_row wpb_row vc_row-fluid edgtf-section edgtf-content-aligment-left edgtf-grid-section\" style=\"\"><div class=\"clearfix edgtf-section-inner\"><div class=\"edgtf-section-inner-margin clearfix\"><div class=\"wpb_column vc_column_container vc_col-sm-12\"><div class=\"vc_column-inner\"><div class=\"wpb_wrapper\"><div class=\"edgtf-st-holder edgtf-st-title-position-center\" style=\"margin-top: 30px\">\n\t\t\t<div class=\"edgtf-st-left-separator\">\n\t\t\t<span style=\"background-color: #cccccc\"><\/span>\n\t\t<\/div>\n\t\t<h2 class=\"edgtf-st-title\" >\n\t\t\t<span>SERVEIS<\/span>\n\t\t<\/h2>\n\t\t<div class=\"edgtf-st-right-separator\">\n\t\t\t<span style=\"background-color: #cccccc\"><\/span>\n\t\t<\/div>\n\t<\/div><\/div><\/div><\/div><\/div><\/div><\/div><div class=\"vc_row wpb_row vc_row-fluid edgtf-section vc_custom_1489532438927 edgtf-content-aligment-left edgtf-grid-section\" style=\"\"><div class=\"clearfix edgtf-section-inner\"><div class=\"edgtf-section-inner-margin clearfix\"><div class=\"wpb_column vc_column_container vc_col-sm-6\"><div class=\"vc_column-inner\"><div class=\"wpb_wrapper\"><div class=\"edgtf-accordion-holder clearfix edgtf-ac-default edgtf-accordion\">\n\t<h5 class=\"clearfix edgtf-title-holder\">\n    <span class=\"edgtf-accordion-mark\">\n\t\t<span class=\"edgtf-accordion-mark-icon\">\n\t\t\t<span class=\"edgtf_icon_plus icon-arrows-plus\"><\/span>\n\t\t\t<span class=\"edgtf_icon_minus icon-arrows-minus\"><\/span>\n\t\t<\/span>\n\t<\/span>\n\t<span class=\"edgtf-tab-title\">Assessoria i diagn\u00f2stic deL cabell<\/span>\n\t<\/span>\n<\/h5>\n<div class=\"edgtf-accordion-content\">\n\t<div class=\"edgtf-accordion-content-inner\">\n\t\t\n\t<div class=\"wpb_text_column wpb_content_element\" >\n\t\t<div class=\"wpb_wrapper\">\n\t\t\t<p>Avui dia la imatge \u00e9s vital per sentir-se b\u00e9 amb un mateix i prosperar en altres \u00e0mbits de la vida. Per aix\u00f2 equip SPEL t'ofereix un assessorament d'imatge personalitzat.<\/p>\n<p>Abans de realitzar qualsevol tipus de tractament o coloraci\u00f3 \u00e9s de vital import\u00e0ncia realitzar un diagn\u00f2stic del cabell per determinar les necessitats b\u00e0siques de cada client. En el nostre Sal\u00f3 oferim aquest servei amb el suport dels millors laboratoris com l'Or\u00e9al o K\u00e9rastase.<\/p>\n\n\t\t<\/div>\n\t<\/div>\n\t<\/div>\n<\/div><h5 class=\"clearfix edgtf-title-holder\">\n    <span class=\"edgtf-accordion-mark\">\n\t\t<span class=\"edgtf-accordion-mark-icon\">\n\t\t\t<span class=\"edgtf_icon_plus icon-arrows-plus\"><\/span>\n\t\t\t<span class=\"edgtf_icon_minus icon-arrows-minus\"><\/span>\n\t\t<\/span>\n\t<\/span>\n\t<span class=\"edgtf-tab-title\">Rituals i cura del cabell<\/span>\n\t<\/span>\n<\/h5>\n<div class=\"edgtf-accordion-content\">\n\t<div class=\"edgtf-accordion-content-inner\">\n\t\t\n\t<div class=\"wpb_text_column wpb_content_element\" >\n\t\t<div class=\"wpb_wrapper\">\n\t\t\t<p>Les marques col\u00b7laboradores de les que disposem ens permeten oferir un ampli ventall de tractaments i rituals personalitzats, per a la bellesa i salut del cabell.<\/p>\n\n\t\t<\/div>\n\t<\/div>\n\t<\/div>\n<\/div><h5 class=\"clearfix edgtf-title-holder\">\n    <span class=\"edgtf-accordion-mark\">\n\t\t<span class=\"edgtf-accordion-mark-icon\">\n\t\t\t<span class=\"edgtf_icon_plus icon-arrows-plus\"><\/span>\n\t\t\t<span class=\"edgtf_icon_minus icon-arrows-minus\"><\/span>\n\t\t<\/span>\n\t<\/span>\n\t<span class=\"edgtf-tab-title\">Tall, Styling i recollits<\/span>\n\t<\/span>\n<\/h5>\n<div class=\"edgtf-accordion-content\">\n\t<div class=\"edgtf-accordion-content-inner\">\n\t\t\n\t<div class=\"wpb_text_column wpb_content_element\" >\n\t\t<div class=\"wpb_wrapper\">\n\t\t\t<p>Amb l'ajuda de t\u00e8cniques d'estilisme fem un estudi personalitzat i detallat de les formes, volums i l\u00ednies facials de la cara per donar valor a la bellesa i adaptar les possibilitats de l'estilisme intentant trobar l'estil m\u00e9s adequat al ritme de vida del client.<\/p>\n<p>Oferim acabats impecables, ja sigui en llis o en ondulat, utilitzant tot tipus de materials i t\u00e8cniques estilistes.<\/p>\n<p>Els recollits s\u00f3n una manera vers\u00e0til de lluir el cabell en esdeveniments especials. SPEL ofereix pentinats adaptats a l'estil i forma facial del client aportant eleg\u00e0ncia i glamour.<\/p>\n\n\t\t<\/div>\n\t<\/div>\n\t<\/div>\n<\/div><h5 class=\"clearfix edgtf-title-holder\">\n    <span class=\"edgtf-accordion-mark\">\n\t\t<span class=\"edgtf-accordion-mark-icon\">\n\t\t\t<span class=\"edgtf_icon_plus icon-arrows-plus\"><\/span>\n\t\t\t<span class=\"edgtf_icon_minus icon-arrows-minus\"><\/span>\n\t\t<\/span>\n\t<\/span>\n\t<span class=\"edgtf-tab-title\">Forma en moviment<\/span>\n\t<\/span>\n<\/h5>\n<div class=\"edgtf-accordion-content\">\n\t<div class=\"edgtf-accordion-content-inner\">\n\t\t\n\t<div class=\"wpb_text_column wpb_content_element\" >\n\t\t<div class=\"wpb_wrapper\">\n\t\t\t<p>Serveis revolucionaris que transformen els cabells rebels en f\u00e0cil maneig. Ones femenines i volums, o llisos extrems.<\/p>\n\n\t\t<\/div>\n\t<\/div>\n\t<\/div>\n<\/div><h5 class=\"clearfix edgtf-title-holder\">\n    <span class=\"edgtf-accordion-mark\">\n\t\t<span class=\"edgtf-accordion-mark-icon\">\n\t\t\t<span class=\"edgtf_icon_plus icon-arrows-plus\"><\/span>\n\t\t\t<span class=\"edgtf_icon_minus icon-arrows-minus\"><\/span>\n\t\t<\/span>\n\t<\/span>\n\t<span class=\"edgtf-tab-title\">Extensions<\/span>\n\t<\/span>\n<\/h5>\n<div class=\"edgtf-accordion-content\">\n\t<div class=\"edgtf-accordion-content-inner\">\n\t\t\n\t<div class=\"wpb_text_column wpb_content_element\" >\n\t\t<div class=\"wpb_wrapper\">\n\t\t\t<p>Disposem d'una gran varietat de t\u00e8cniques per millorar la densitat i llarg dels cabells per a noies que somien amb una cabellera espectacular.<\/p>\n<p>A SPEL treballem amb productes de la prestigiosa marca austr\u00edaca Hair Dreams d'extensions de cabell natural, l\u00edder en el mercat per la seva qualitat.<\/p>\n<p>Hairdreams fa servir exclusivament cabell natural de la major qualitat que es distingeix per una salut del cabell excepcional aix\u00ed com per una for\u00e7a i elasticitat naturals. Els cabells s'aconsegueixen a tot el m\u00f3n sota estrictes normes \u00e8tiques. Despr\u00e9s passen estrictes controls de qualitat de Hairdreams i finalment s\u00f3n ennoblits de manera suau amb m\u00e8todes patentats.<\/p>\n\n\t\t<\/div>\n\t<\/div>\n\t<\/div>\n<\/div><\/div><div class=\"vc_empty_space\"   style=\"height: 40px\"><span class=\"vc_empty_space_inner\"><\/span><\/div><\/div><\/div><\/div><div class=\"wpb_column vc_column_container vc_col-sm-6\"><div class=\"vc_column-inner\"><div class=\"wpb_wrapper\"><div class=\"edgtf-accordion-holder clearfix edgtf-ac-default edgtf-accordion\">\n\t<h5 class=\"clearfix edgtf-title-holder\">\n    <span class=\"edgtf-accordion-mark\">\n\t\t<span class=\"edgtf-accordion-mark-icon\">\n\t\t\t<span class=\"edgtf_icon_plus icon-arrows-plus\"><\/span>\n\t\t\t<span class=\"edgtf_icon_minus icon-arrows-minus\"><\/span>\n\t\t<\/span>\n\t<\/span>\n\t<span class=\"edgtf-tab-title\">Maquillatge<\/span>\n\t<\/span>\n<\/h5>\n<div class=\"edgtf-accordion-content\">\n\t<div class=\"edgtf-accordion-content-inner\">\n\t\t\n\t<div class=\"wpb_text_column wpb_content_element\" >\n\t\t<div class=\"wpb_wrapper\">\n\t\t\t<p>Referent al maquillatge utilitzem la l\u00ednia de cosm\u00e8tica de Jorge de la Garza, un producte antial\u00b7l\u00e8rgic que agrada molt a totes les edats ja que ofereix una gran varietat de colors i textures. El nostre equip SPEL ens encanta el maquillatge de tend\u00e8ncia per aix\u00f2 vam rebre formacions constants per aprendre les \u00faltimes novetats de cada temporada amb els millors professionals.<\/p>\n\n\t\t<\/div>\n\t<\/div>\n\t<\/div>\n<\/div><h5 class=\"clearfix edgtf-title-holder\">\n    <span class=\"edgtf-accordion-mark\">\n\t\t<span class=\"edgtf-accordion-mark-icon\">\n\t\t\t<span class=\"edgtf_icon_plus icon-arrows-plus\"><\/span>\n\t\t\t<span class=\"edgtf_icon_minus icon-arrows-minus\"><\/span>\n\t\t<\/span>\n\t<\/span>\n\t<span class=\"edgtf-tab-title\">Coloraci\u00f3<\/span>\n\t<\/span>\n<\/h5>\n<div class=\"edgtf-accordion-content\">\n\t<div class=\"edgtf-accordion-content-inner\">\n\t\t\n\t<div class=\"wpb_text_column wpb_content_element\" >\n\t\t<div class=\"wpb_wrapper\">\n\t\t\t<p>A Spel escollim la coloraci\u00f3 personalitzada amb els millors productes i t\u00e8cniques m\u00e9s actuals i avan\u00e7ades: coloraci\u00f3 sense amon\u00edac, un resultat de color natural i durador i una cobertura perfecta, coloraci\u00f3 flash per un reflex profund i una suavitat excepcional. A m\u00e9s de la coloraci\u00f3 cl\u00e0ssica oferim les \u00faltimes tend\u00e8ncies en t\u00e8cniques de reflexos com s\u00f3n: t\u00e8cnica californiana, babylight, balayage, hair strobing, degrade\u00e9, etc. S\u00f3n coloracions d'alta tenacitat que tracten el cabell de la manera m\u00e9s natural.<\/p>\n\n\t\t<\/div>\n\t<\/div>\n\t<\/div>\n<\/div><h5 class=\"clearfix edgtf-title-holder\">\n    <span class=\"edgtf-accordion-mark\">\n\t\t<span class=\"edgtf-accordion-mark-icon\">\n\t\t\t<span class=\"edgtf_icon_plus icon-arrows-plus\"><\/span>\n\t\t\t<span class=\"edgtf_icon_minus icon-arrows-minus\"><\/span>\n\t\t<\/span>\n\t<\/span>\n\t<span class=\"edgtf-tab-title\">Per a ell<\/span>\n\t<\/span>\n<\/h5>\n<div class=\"edgtf-accordion-content\">\n\t<div class=\"edgtf-accordion-content-inner\">\n\t\t\n\t<div class=\"wpb_text_column wpb_content_element\" >\n\t\t<div class=\"wpb_wrapper\">\n\t\t\t<p>Cuidem la bellesa m\u00e9s masculina oferint un ampli ventall de serveis amb totes les tend\u00e8ncies actuals de tall i est\u00e8tica.<\/p>\n\n\t\t<\/div>\n\t<\/div>\n\t<\/div>\n<\/div><h5 class=\"clearfix edgtf-title-holder\">\n    <span class=\"edgtf-accordion-mark\">\n\t\t<span class=\"edgtf-accordion-mark-icon\">\n\t\t\t<span class=\"edgtf_icon_plus icon-arrows-plus\"><\/span>\n\t\t\t<span class=\"edgtf_icon_minus icon-arrows-minus\"><\/span>\n\t\t<\/span>\n\t<\/span>\n\t<span class=\"edgtf-tab-title\">Nens<\/span>\n\t<\/span>\n<\/h5>\n<div class=\"edgtf-accordion-content\">\n\t<div class=\"edgtf-accordion-content-inner\">\n\t\t\n\t<div class=\"wpb_text_column wpb_content_element\" >\n\t\t<div class=\"wpb_wrapper\">\n\t\t\t<p>A part de donar servei a les senyores i homes, tamb\u00e9 tenim cura de la imatge dels m\u00e9s petits. Gr\u00e0cies a les noves tecnologies i jocs de taula, els nens s'entretenen i gaudeixen mentre se'ls fa el servei.<\/p>\n\n\t\t<\/div>\n\t<\/div>\n\t<\/div>\n<\/div><h5 class=\"clearfix edgtf-title-holder\">\n    <span class=\"edgtf-accordion-mark\">\n\t\t<span class=\"edgtf-accordion-mark-icon\">\n\t\t\t<span class=\"edgtf_icon_plus icon-arrows-plus\"><\/span>\n\t\t\t<span class=\"edgtf_icon_minus icon-arrows-minus\"><\/span>\n\t\t<\/span>\n\t<\/span>\n\t<span class=\"edgtf-tab-title\">Targetes regal<\/span>\n\t<\/span>\n<\/h5>\n<div class=\"edgtf-accordion-content\">\n\t<div class=\"edgtf-accordion-content-inner\">\n\t\t\n\t<div class=\"wpb_text_column wpb_content_element\" >\n\t\t<div class=\"wpb_wrapper\">\n\t\t\t<p>Disposem de diferents targetes regal adaptades a cada client. Un detall preci\u00f3s per regalar bellesa i benestar.<\/p>\n\n\t\t<\/div>\n\t<\/div>\n\t<\/div>\n<\/div><\/div><div class=\"vc_empty_space\"   style=\"height: 40px\"><span class=\"vc_empty_space_inner\"><\/span><\/div><\/div><\/div><\/div><\/div><\/div><\/div><div class=\"vc_row wpb_row vc_row-fluid edgtf-section edgtf-content-aligment-left edgtf-grid-section\" style=\"\"><div class=\"clearfix edgtf-section-inner\"><div class=\"edgtf-section-inner-margin clearfix\"><div class=\"wpb_column vc_column_container vc_col-sm-12\"><div class=\"vc_column-inner\"><div class=\"wpb_wrapper\"><div class=\"edgtf-carousel-holder clearfix\"><div class=\"edgtf-carousel\" data-items=\"6\" data-pagination=\"no\"><div class=\"edgtf-carousel-item-holder\">\n\t\t\t\t\t\t<span class=\"edgtf-carousel-first-image-holder  edgtf-image-zoom\">\n\t\t\t\t<img decoding=\"async\" src=\"https:\/\/spelperruquers.com\/wp-content\/uploads\/2016\/12\/LOREAL_.jpg\" alt=\"Client 1\">\n\t\t\t<\/span>\n\t\t\t\t\t<\/div><div class=\"edgtf-carousel-item-holder\">\n\t\t<a href=\"#\" target=\"_self\">\n\t\t\t\t\t\t<span class=\"edgtf-carousel-first-image-holder  edgtf-image-zoom\">\n\t\t\t\t<img decoding=\"async\" src=\"https:\/\/spelperruquers.com\/wp-content\/uploads\/2016\/12\/AC_Classic_Supplier.jpg\" alt=\"Client 2\">\n\t\t\t<\/span>\n\t\t\t\t\t\t<\/a>\n\t<\/div><div class=\"edgtf-carousel-item-holder\">\n\t\t<a href=\"#\" target=\"_self\">\n\t\t\t\t\t\t<span class=\"edgtf-carousel-first-image-holder  edgtf-image-zoom\">\n\t\t\t\t<img decoding=\"async\" src=\"https:\/\/spelperruquers.com\/wp-content\/uploads\/2016\/12\/hairdreams_.jpg\" alt=\"Client 3\">\n\t\t\t<\/span>\n\t\t\t\t\t\t<\/a>\n\t<\/div><div class=\"edgtf-carousel-item-holder\">\n\t\t<a href=\"#\" target=\"_self\">\n\t\t\t\t\t\t<span class=\"edgtf-carousel-first-image-holder  edgtf-image-zoom\">\n\t\t\t\t<img decoding=\"async\" src=\"https:\/\/spelperruquers.com\/wp-content\/uploads\/2016\/12\/kerastase_.jpg\" alt=\"Client 4\">\n\t\t\t<\/span>\n\t\t\t\t\t\t<\/a>\n\t<\/div><div class=\"edgtf-carousel-item-holder\">\n\t\t<a href=\"#\" target=\"_self\">\n\t\t\t\t\t\t<span class=\"edgtf-carousel-first-image-holder  edgtf-image-zoom\">\n\t\t\t\t<img decoding=\"async\" src=\"https:\/\/spelperruquers.com\/wp-content\/uploads\/2016\/12\/ghd.jpg\" alt=\"Client 5\">\n\t\t\t<\/span>\n\t\t\t\t\t\t<\/a>\n\t<\/div><div class=\"edgtf-carousel-item-holder\">\n\t\t<a href=\"#\" target=\"_self\">\n\t\t\t\t\t\t<span class=\"edgtf-carousel-first-image-holder  edgtf-image-zoom\">\n\t\t\t\t<img decoding=\"async\" src=\"https:\/\/spelperruquers.com\/wp-content\/uploads\/2016\/12\/JG.jpg\" alt=\"Client 6\">\n\t\t\t<\/span>\n\t\t\t\t\t\t<\/a>\n\t<\/div><div class=\"edgtf-carousel-item-holder\">\n\t\t\t\t\t\t<span class=\"edgtf-carousel-first-image-holder  edgtf-image-zoom\">\n\t\t\t\t<img decoding=\"async\" src=\"https:\/\/spelperruquers.com\/wp-content\/uploads\/2017\/02\/trendyhair-logo-01.jpg\" alt=\"Client 7\">\n\t\t\t<\/span>\n\t\t\t\t\t<\/div><\/div><\/div><\/div><\/div><\/div><\/div><\/div><\/div><div class=\"vc_row wpb_row vc_row-fluid edgtf-section edgtf-content-aligment-left\" style=\"\"><div class=\"clearfix edgtf-full-section-inner\"><div class=\"wpb_column vc_column_container vc_col-sm-12\"><div class=\"vc_column-inner\"><div class=\"wpb_wrapper\"><div class=\"vc_empty_space\"   style=\"height: 72px\"><span class=\"vc_empty_space_inner\"><\/span><\/div><\/div><\/div><\/div><\/div><\/div>\n<\/div>","protected":false},"excerpt":{"rendered":"","protected":false},"author":2,"featured_media":0,"parent":0,"menu_order":0,"comment_status":"closed","ping_status":"closed","template":"full-width.php","meta":{"footnotes":""},"yoast_head":"<!-- This site is optimized with the Yoast SEO plugin v23.0 - https:\/\/yoast.com\/wordpress\/plugins\/seo\/ -->\n<title>spel perruquers - Servicios<\/title>\n<meta name=\"robots\" content=\"index, follow, max-snippet:-1, max-image-preview:large, max-video-preview:-1\" \/>\n<link rel=\"canonical\" href=\"https:\/\/spelperruquers.com\/ca\/servicios-y-productos\/\" \/>\n<meta property=\"og:locale\" content=\"ca_ES\" \/>\n<meta property=\"og:type\" content=\"article\" \/>\n<meta property=\"og:title\" content=\"spel perruquers - Servicios\" \/>\n<meta property=\"og:url\" content=\"https:\/\/spelperruquers.com\/ca\/servicios-y-productos\/\" \/>\n<meta property=\"og:site_name\" content=\"spel perruquers\" \/>\n<meta property=\"article:publisher\" content=\"https:\/\/www.facebook.com\/spelperruquers\/\" \/>\n<meta property=\"article:modified_time\" content=\"2019-12-20T18:16:16+00:00\" \/>\n<meta name=\"twitter:card\" content=\"summary_large_image\" \/>\n<meta name=\"twitter:label1\" content=\"Temps estimat de lectura\" \/>\n\t<meta name=\"twitter:data1\" content=\"4 minuts\" \/>\n<script type=\"application\/ld+json\" class=\"yoast-schema-graph\">{\"@context\":\"https:\/\/schema.org\",\"@graph\":[{\"@type\":\"WebPage\",\"@id\":\"https:\/\/spelperruquers.com\/ca\/servicios-y-productos\/\",\"url\":\"https:\/\/spelperruquers.com\/ca\/servicios-y-productos\/\",\"name\":\"spel perruquers - Servicios\",\"isPartOf\":{\"@id\":\"https:\/\/spelperruquers.com\/ca\/#website\"},\"datePublished\":\"2016-03-23T11:20:22+00:00\",\"dateModified\":\"2019-12-20T18:16:16+00:00\",\"breadcrumb\":{\"@id\":\"https:\/\/spelperruquers.com\/ca\/servicios-y-productos\/#breadcrumb\"},\"inLanguage\":\"ca\",\"potentialAction\":[{\"@type\":\"ReadAction\",\"target\":[\"https:\/\/spelperruquers.com\/ca\/servicios-y-productos\/\"]}]},{\"@type\":\"BreadcrumbList\",\"@id\":\"https:\/\/spelperruquers.com\/ca\/servicios-y-productos\/#breadcrumb\",\"itemListElement\":[{\"@type\":\"ListItem\",\"position\":1,\"name\":\"Portada\",\"item\":\"https:\/\/spelperruquers.com\/\"},{\"@type\":\"ListItem\",\"position\":2,\"name\":\"Servicios\"}]},{\"@type\":\"WebSite\",\"@id\":\"https:\/\/spelperruquers.com\/ca\/#website\",\"url\":\"https:\/\/spelperruquers.com\/ca\/\",\"name\":\"spel perruquers\",\"description\":\"spel by Vanessa Espelt\",\"publisher\":{\"@id\":\"https:\/\/spelperruquers.com\/ca\/#organization\"},\"potentialAction\":[{\"@type\":\"SearchAction\",\"target\":{\"@type\":\"EntryPoint\",\"urlTemplate\":\"https:\/\/spelperruquers.com\/ca\/?s={search_term_string}\"},\"query-input\":\"required name=search_term_string\"}],\"inLanguage\":\"ca\"},{\"@type\":\"Organization\",\"@id\":\"https:\/\/spelperruquers.com\/ca\/#organization\",\"name\":\"spel by Vanessa Espelt\",\"url\":\"https:\/\/spelperruquers.com\/ca\/\",\"logo\":{\"@type\":\"ImageObject\",\"inLanguage\":\"ca\",\"@id\":\"https:\/\/spelperruquers.com\/ca\/#\/schema\/logo\/image\/\",\"url\":\"https:\/\/spelperruquers.com\/wp-content\/uploads\/2019\/08\/logoweb3.png\",\"contentUrl\":\"https:\/\/spelperruquers.com\/wp-content\/uploads\/2019\/08\/logoweb3.png\",\"width\":343,\"height\":140,\"caption\":\"spel by Vanessa Espelt\"},\"image\":{\"@id\":\"https:\/\/spelperruquers.com\/ca\/#\/schema\/logo\/image\/\"},\"sameAs\":[\"https:\/\/www.facebook.com\/spelperruquers\/\",\"https:\/\/www.instagram.com\/spelperruquers\/\"]}]}<\/script>\n<!-- \/ Yoast SEO plugin. -->","yoast_head_json":{"title":"spel perruquers - Servicios","robots":{"index":"index","follow":"follow","max-snippet":"max-snippet:-1","max-image-preview":"max-image-preview:large","max-video-preview":"max-video-preview:-1"},"canonical":"https:\/\/spelperruquers.com\/ca\/servicios-y-productos\/","og_locale":"ca_ES","og_type":"article","og_title":"spel perruquers - Servicios","og_url":"https:\/\/spelperruquers.com\/ca\/servicios-y-productos\/","og_site_name":"spel perruquers","article_publisher":"https:\/\/www.facebook.com\/spelperruquers\/","article_modified_time":"2019-12-20T18:16:16+00:00","twitter_card":"summary_large_image","twitter_misc":{"Temps estimat de lectura":"4 minuts"},"schema":{"@context":"https:\/\/schema.org","@graph":[{"@type":"WebPage","@id":"https:\/\/spelperruquers.com\/ca\/servicios-y-productos\/","url":"https:\/\/spelperruquers.com\/ca\/servicios-y-productos\/","name":"spel perruquers - Servicios","isPartOf":{"@id":"https:\/\/spelperruquers.com\/ca\/#website"},"datePublished":"2016-03-23T11:20:22+00:00","dateModified":"2019-12-20T18:16:16+00:00","breadcrumb":{"@id":"https:\/\/spelperruquers.com\/ca\/servicios-y-productos\/#breadcrumb"},"inLanguage":"ca","potentialAction":[{"@type":"ReadAction","target":["https:\/\/spelperruquers.com\/ca\/servicios-y-productos\/"]}]},{"@type":"BreadcrumbList","@id":"https:\/\/spelperruquers.com\/ca\/servicios-y-productos\/#breadcrumb","itemListElement":[{"@type":"ListItem","position":1,"name":"Portada","item":"https:\/\/spelperruquers.com\/"},{"@type":"ListItem","position":2,"name":"Servicios"}]},{"@type":"WebSite","@id":"https:\/\/spelperruquers.com\/ca\/#website","url":"https:\/\/spelperruquers.com\/ca\/","name":"spel perruquers","description":"spel by Vanessa Espelt","publisher":{"@id":"https:\/\/spelperruquers.com\/ca\/#organization"},"potentialAction":[{"@type":"SearchAction","target":{"@type":"EntryPoint","urlTemplate":"https:\/\/spelperruquers.com\/ca\/?s={search_term_string}"},"query-input":"required name=search_term_string"}],"inLanguage":"ca"},{"@type":"Organization","@id":"https:\/\/spelperruquers.com\/ca\/#organization","name":"spel by Vanessa Espelt","url":"https:\/\/spelperruquers.com\/ca\/","logo":{"@type":"ImageObject","inLanguage":"ca","@id":"https:\/\/spelperruquers.com\/ca\/#\/schema\/logo\/image\/","url":"https:\/\/spelperruquers.com\/wp-content\/uploads\/2019\/08\/logoweb3.png","contentUrl":"https:\/\/spelperruquers.com\/wp-content\/uploads\/2019\/08\/logoweb3.png","width":343,"height":140,"caption":"spel by Vanessa Espelt"},"image":{"@id":"https:\/\/spelperruquers.com\/ca\/#\/schema\/logo\/image\/"},"sameAs":["https:\/\/www.facebook.com\/spelperruquers\/","https:\/\/www.instagram.com\/spelperruquers\/"]}]}},"_links":{"self":[{"href":"https:\/\/spelperruquers.com\/ca\/wp-json\/wp\/v2\/pages\/953"}],"collection":[{"href":"https:\/\/spelperruquers.com\/ca\/wp-json\/wp\/v2\/pages"}],"about":[{"href":"https:\/\/spelperruquers.com\/ca\/wp-json\/wp\/v2\/types\/page"}],"author":[{"embeddable":true,"href":"https:\/\/spelperruquers.com\/ca\/wp-json\/wp\/v2\/users\/2"}],"replies":[{"embeddable":true,"href":"https:\/\/spelperruquers.com\/ca\/wp-json\/wp\/v2\/comments?post=953"}],"version-history":[{"count":28,"href":"https:\/\/spelperruquers.com\/ca\/wp-json\/wp\/v2\/pages\/953\/revisions"}],"predecessor-version":[{"id":6184,"href":"https:\/\/spelperruquers.com\/ca\/wp-json\/wp\/v2\/pages\/953\/revisions\/6184"}],"wp:attachment":[{"href":"https:\/\/spelperruquers.com\/ca\/wp-json\/wp\/v2\/media?parent=953"}],"curies":[{"name":"wp","href":"https:\/\/api.w.org\/{rel}","templated":true}]}}