{"id":6380,"date":"2016-03-16T09:37:05","date_gmt":"2016-03-16T09:37:05","guid":{"rendered":"https:\/\/spelperruquers.com\/main-home\/"},"modified":"2024-07-02T19:10:48","modified_gmt":"2024-07-02T19:10:48","slug":"spel-perruquers","status":"publish","type":"page","link":"https:\/\/spelperruquers.com\/ca\/","title":{"rendered":"Main Home"},"content":{"rendered":"<div class=\"wpb-content-wrapper\"><div class=\"vc_row wpb_row vc_row-fluid edgtf-section edgtf-content-aligment-left\" style=\"\"><div class=\"clearfix edgtf-full-section-inner\"><div class=\"wpb_column vc_column_container vc_col-sm-12\"><div class=\"vc_column-inner\"><div class=\"wpb_wrapper\"><div class=\"vc_empty_space\"   style=\"height: 2px\"><span class=\"vc_empty_space_inner\"><\/span><\/div><\/div><\/div><\/div><\/div><\/div><div class=\"vc_row wpb_row vc_row-fluid edgtf-section edgtf-content-aligment-left edgtf-grid-section\" style=\"\"><div class=\"clearfix edgtf-section-inner\"><div class=\"edgtf-section-inner-margin clearfix\"><div class=\"wpb_column vc_column_container vc_col-sm-12\"><div class=\"vc_column-inner\"><div class=\"wpb_wrapper\"><div class=\"edgtf-st-holder edgtf-st-title-position-center\" style=\"margin-top: 30px;margin-bottom: 60px\">\n\t\t\t<div class=\"edgtf-st-left-separator\">\n\t\t\t<span style=\"background-color: #cccccc\"><\/span>\n\t\t<\/div>\n\t\t<h2 class=\"edgtf-st-title\" >\n\t\t\t<span>FILOSOF\u00cdA<\/span>\n\t\t<\/h2>\n\t\t<div class=\"edgtf-st-right-separator\">\n\t\t\t<span style=\"background-color: #cccccc\"><\/span>\n\t\t<\/div>\n\t<\/div><\/div><\/div><\/div><\/div><\/div><\/div><div class=\"vc_row wpb_row vc_row-fluid edgtf-section vc_custom_1458221917557 edgtf-content-aligment-left edgtf-grid-section\" style=\"\"><div class=\"clearfix edgtf-section-inner\"><div class=\"edgtf-section-inner-margin clearfix\"><div class=\"wpb_column vc_column_container vc_col-sm-12\"><div class=\"vc_column-inner\"><div class=\"wpb_wrapper\">\n\t<div class=\"wpb_text_column wpb_content_element wpb_animate_when_almost_visible wpb_appear appear\" >\n\t\t<div class=\"wpb_wrapper\">\n\t\t\t<p>Spel \u00e9s sin\u00f2nim de bellesa, d'innovaci\u00f3 i de professionalitat. La nostra missi\u00f3 des de 2006 ha estat treballar amb motivaci\u00f3 i il\u00b7lusi\u00f3 constantment amb uns objectius marcats per donar valor a les emocions, sensacions i experi\u00e8ncies dels consumidors.<\/p>\n<h3 style=\"text-align: left;\">\u00bb Ens apassiona la nostra feina i la creativitat \u00e9s la nostra ra\u00f3 de ser. \u00ab<\/h3>\n\n\t\t<\/div>\n\t<\/div>\n<div class=\"vc_empty_space\"   style=\"height: 32px\"><span class=\"vc_empty_space_inner\"><\/span><\/div><\/div><\/div><\/div><\/div><\/div><\/div><div class=\"vc_row wpb_row vc_row-fluid edgtf-section vc_custom_1458140643771 edgtf-content-aligment-left\" style=\"\"><div class=\"clearfix edgtf-full-section-inner\"><div class=\"wpb_column vc_column_container vc_col-sm-12\"><div class=\"vc_column-inner\"><div class=\"wpb_wrapper\"><div class=\"vc_empty_space\"   style=\"height: 10px\"><span class=\"vc_empty_space_inner\"><\/span><\/div><div class=\"edgtf-elements-holder edgtf-five-columns edgtf-responsive-mode-600\" ><div class=\"edgtf-elements-holder-item edgtf-horizontal-alignment-center\"  >\n\t<div class=\"edgtf-elements-holder-item-inner\">\n\t\t\t\t<div class=\"edgtf-elements-holder-item-content edgtf-elements-holder-custom-521292\" style=\"padding: 0 5px 10px 5px\">\n\t\t\t\t\t\t<a class=\"edgtf-social-btn-holder\" href=\"https:\/\/es-la.facebook.com\/spelperruquers\/\" target=\"_blank\" style=\"width: 100%;font-weight: 200;font-style: normal;color: #333\" data-hover-color=\"#333\" data-color=\"#333\">\n\t<span class=\"edgtf-social-btn-title\" data-title=\"FACEBOOK\">FACEBOOK<\/span>\n<\/a>\n\t\t<\/div>\n\t<\/div>\n<\/div><div class=\"edgtf-elements-holder-item edgtf-horizontal-alignment-center\"  >\n\t<div class=\"edgtf-elements-holder-item-inner\">\n\t\t\t\t<div class=\"edgtf-elements-holder-item-content edgtf-elements-holder-custom-612120\" style=\"padding: 0 5px 10px 5px\">\n\t\t\t\t\t\t<a class=\"edgtf-social-btn-holder\" href=\"https:\/\/www.instagram.com\/spelperruquers\/\" target=\"_blank\" style=\"width: 100%;font-style: normal;color: #333\" data-hover-color=\"#333\" data-color=\"#333\">\n\t<span class=\"edgtf-social-btn-title\" data-title=\"INSTAGRAM\">INSTAGRAM<\/span>\n<\/a>\n\t\t<\/div>\n\t<\/div>\n<\/div><div class=\"edgtf-elements-holder-item edgtf-horizontal-alignment-center\"  >\n\t<div class=\"edgtf-elements-holder-item-inner\">\n\t\t\t\t<div class=\"edgtf-elements-holder-item-content edgtf-elements-holder-custom-991856\" style=\"padding: 0 5px 10px 5px\">\n\t\t\t\t\t\t<a class=\"edgtf-social-btn-holder\" href=\"https:\/\/www.pinterest.com\" target=\"_blank\" style=\"width: 100%;font-weight: Default;font-style: normal;color: #333\" data-hover-color=\"#333\" data-color=\"#333\">\n\t<span class=\"edgtf-social-btn-title\" data-title=\"PINTEREST\">PINTEREST<\/span>\n<\/a>\n\t\t<\/div>\n\t<\/div>\n<\/div><\/div><\/div><\/div><\/div><\/div><\/div>\n<\/div>","protected":false},"excerpt":{"rendered":"FILOSOF\u00cdA SPEL es sin\u00f3nimo de belleza, de innovaci\u00f3n y de profesionalidad. Nuestra\u00a0misi\u00f3n desde 2006 ha sido trabajar con motivaci\u00f3n e ilusi\u00f3n constantemente con unos objetivos marcados para dar valor a las emociones, sensaciones y experiencias de los consumidores. \" Nos apasiona nuestro trabajo y la [...]","protected":false},"author":2,"featured_media":0,"parent":0,"menu_order":0,"comment_status":"closed","ping_status":"closed","template":"full-width.php","meta":{"footnotes":""},"yoast_head":"<!-- This site is optimized with the Yoast SEO plugin v23.0 - https:\/\/yoast.com\/wordpress\/plugins\/seo\/ -->\n<title>SPEL - by Vanessa Espelt<\/title>\n<meta name=\"description\" content=\"Spel \u00e9s sin\u00f2nim de bellesa, d&#039;innovaci\u00f3 i de professionalitat. La nostra missi\u00f3 des de 2006 ha estat treballar amb motivaci\u00f3 i il\u00b7lusi\u00f3 constantment amb uns objectius marcats per donar valor a les emocions, sensacions i experi\u00e8ncies dels consumidors.\" \/>\n<meta name=\"robots\" content=\"index, follow, max-snippet:-1, max-image-preview:large, max-video-preview:-1\" \/>\n<link rel=\"canonical\" href=\"https:\/\/spelperruquers.com\/ca\/\" \/>\n<meta property=\"og:locale\" content=\"ca_ES\" \/>\n<meta property=\"og:type\" content=\"article\" \/>\n<meta property=\"og:title\" content=\"SPEL - by Vanessa Espelt\" \/>\n<meta property=\"og:description\" content=\"Spel \u00e9s sin\u00f2nim de bellesa, d&#039;innovaci\u00f3 i de professionalitat. La nostra missi\u00f3 des de 2006 ha estat treballar amb motivaci\u00f3 i il\u00b7lusi\u00f3 constantment amb uns objectius marcats per donar valor a les emocions, sensacions i experi\u00e8ncies dels consumidors.\" \/>\n<meta property=\"og:url\" content=\"https:\/\/spelperruquers.com\/ca\/\" \/>\n<meta property=\"og:site_name\" content=\"spel perruquers\" \/>\n<meta property=\"article:publisher\" content=\"https:\/\/www.facebook.com\/spelperruquers\/\" \/>\n<meta property=\"article:modified_time\" content=\"2024-07-02T19:10:48+00:00\" \/>\n<meta name=\"twitter:card\" content=\"summary_large_image\" \/>\n<meta name=\"twitter:label1\" content=\"Temps estimat de lectura\" \/>\n\t<meta name=\"twitter:data1\" content=\"1 minut\" \/>\n<script type=\"application\/ld+json\" class=\"yoast-schema-graph\">{\"@context\":\"https:\/\/schema.org\",\"@graph\":[{\"@type\":\"WebPage\",\"@id\":\"https:\/\/spelperruquers.com\/\",\"url\":\"https:\/\/spelperruquers.com\/\",\"name\":\"SPEL - by Vanessa Espelt\",\"isPartOf\":{\"@id\":\"https:\/\/spelperruquers.com\/ca\/#website\"},\"datePublished\":\"2016-03-16T09:37:05+00:00\",\"dateModified\":\"2024-07-02T19:10:48+00:00\",\"description\":\"Spel \u00e9s sin\u00f2nim de bellesa, d'innovaci\u00f3 i de professionalitat. La nostra missi\u00f3 des de 2006 ha estat treballar amb motivaci\u00f3 i il\u00b7lusi\u00f3 constantment amb uns objectius marcats per donar valor a les emocions, sensacions i experi\u00e8ncies dels consumidors.\",\"breadcrumb\":{\"@id\":\"https:\/\/spelperruquers.com\/#breadcrumb\"},\"inLanguage\":\"ca\",\"potentialAction\":[{\"@type\":\"ReadAction\",\"target\":[\"https:\/\/spelperruquers.com\/\"]}]},{\"@type\":\"BreadcrumbList\",\"@id\":\"https:\/\/spelperruquers.com\/#breadcrumb\",\"itemListElement\":[{\"@type\":\"ListItem\",\"position\":1,\"name\":\"Portada\",\"item\":\"https:\/\/spelperruquers.com\/\"},{\"@type\":\"ListItem\",\"position\":2,\"name\":\"Main Home\"}]},{\"@type\":\"WebSite\",\"@id\":\"https:\/\/spelperruquers.com\/ca\/#website\",\"url\":\"https:\/\/spelperruquers.com\/ca\/\",\"name\":\"spel perruquers\",\"description\":\"spel by Vanessa Espelt\",\"publisher\":{\"@id\":\"https:\/\/spelperruquers.com\/ca\/#organization\"},\"potentialAction\":[{\"@type\":\"SearchAction\",\"target\":{\"@type\":\"EntryPoint\",\"urlTemplate\":\"https:\/\/spelperruquers.com\/ca\/?s={search_term_string}\"},\"query-input\":\"required name=search_term_string\"}],\"inLanguage\":\"ca\"},{\"@type\":\"Organization\",\"@id\":\"https:\/\/spelperruquers.com\/ca\/#organization\",\"name\":\"spel by Vanessa Espelt\",\"url\":\"https:\/\/spelperruquers.com\/ca\/\",\"logo\":{\"@type\":\"ImageObject\",\"inLanguage\":\"ca\",\"@id\":\"https:\/\/spelperruquers.com\/ca\/#\/schema\/logo\/image\/\",\"url\":\"https:\/\/spelperruquers.com\/wp-content\/uploads\/2019\/08\/logoweb3.png\",\"contentUrl\":\"https:\/\/spelperruquers.com\/wp-content\/uploads\/2019\/08\/logoweb3.png\",\"width\":343,\"height\":140,\"caption\":\"spel by Vanessa Espelt\"},\"image\":{\"@id\":\"https:\/\/spelperruquers.com\/ca\/#\/schema\/logo\/image\/\"},\"sameAs\":[\"https:\/\/www.facebook.com\/spelperruquers\/\",\"https:\/\/www.instagram.com\/spelperruquers\/\"]}]}<\/script>\n<!-- \/ Yoast SEO plugin. -->","yoast_head_json":{"title":"SPEL - by Vanessa Espelt","description":"Spel \u00e9s sin\u00f2nim de bellesa, d'innovaci\u00f3 i de professionalitat. La nostra missi\u00f3 des de 2006 ha estat treballar amb motivaci\u00f3 i il\u00b7lusi\u00f3 constantment amb uns objectius marcats per donar valor a les emocions, sensacions i experi\u00e8ncies dels consumidors.","robots":{"index":"index","follow":"follow","max-snippet":"max-snippet:-1","max-image-preview":"max-image-preview:large","max-video-preview":"max-video-preview:-1"},"canonical":"https:\/\/spelperruquers.com\/ca\/","og_locale":"ca_ES","og_type":"article","og_title":"SPEL - by Vanessa Espelt","og_description":"Spel \u00e9s sin\u00f2nim de bellesa, d'innovaci\u00f3 i de professionalitat. La nostra missi\u00f3 des de 2006 ha estat treballar amb motivaci\u00f3 i il\u00b7lusi\u00f3 constantment amb uns objectius marcats per donar valor a les emocions, sensacions i experi\u00e8ncies dels consumidors.","og_url":"https:\/\/spelperruquers.com\/ca\/","og_site_name":"spel perruquers","article_publisher":"https:\/\/www.facebook.com\/spelperruquers\/","article_modified_time":"2024-07-02T19:10:48+00:00","twitter_card":"summary_large_image","twitter_misc":{"Temps estimat de lectura":"1 minut"},"schema":{"@context":"https:\/\/schema.org","@graph":[{"@type":"WebPage","@id":"https:\/\/spelperruquers.com\/","url":"https:\/\/spelperruquers.com\/","name":"SPEL - by Vanessa Espelt","isPartOf":{"@id":"https:\/\/spelperruquers.com\/ca\/#website"},"datePublished":"2016-03-16T09:37:05+00:00","dateModified":"2024-07-02T19:10:48+00:00","description":"Spel \u00e9s sin\u00f2nim de bellesa, d'innovaci\u00f3 i de professionalitat. La nostra missi\u00f3 des de 2006 ha estat treballar amb motivaci\u00f3 i il\u00b7lusi\u00f3 constantment amb uns objectius marcats per donar valor a les emocions, sensacions i experi\u00e8ncies dels consumidors.","breadcrumb":{"@id":"https:\/\/spelperruquers.com\/#breadcrumb"},"inLanguage":"ca","potentialAction":[{"@type":"ReadAction","target":["https:\/\/spelperruquers.com\/"]}]},{"@type":"BreadcrumbList","@id":"https:\/\/spelperruquers.com\/#breadcrumb","itemListElement":[{"@type":"ListItem","position":1,"name":"Portada","item":"https:\/\/spelperruquers.com\/"},{"@type":"ListItem","position":2,"name":"Main Home"}]},{"@type":"WebSite","@id":"https:\/\/spelperruquers.com\/ca\/#website","url":"https:\/\/spelperruquers.com\/ca\/","name":"spel perruquers","description":"spel by Vanessa Espelt","publisher":{"@id":"https:\/\/spelperruquers.com\/ca\/#organization"},"potentialAction":[{"@type":"SearchAction","target":{"@type":"EntryPoint","urlTemplate":"https:\/\/spelperruquers.com\/ca\/?s={search_term_string}"},"query-input":"required name=search_term_string"}],"inLanguage":"ca"},{"@type":"Organization","@id":"https:\/\/spelperruquers.com\/ca\/#organization","name":"spel by Vanessa Espelt","url":"https:\/\/spelperruquers.com\/ca\/","logo":{"@type":"ImageObject","inLanguage":"ca","@id":"https:\/\/spelperruquers.com\/ca\/#\/schema\/logo\/image\/","url":"https:\/\/spelperruquers.com\/wp-content\/uploads\/2019\/08\/logoweb3.png","contentUrl":"https:\/\/spelperruquers.com\/wp-content\/uploads\/2019\/08\/logoweb3.png","width":343,"height":140,"caption":"spel by Vanessa Espelt"},"image":{"@id":"https:\/\/spelperruquers.com\/ca\/#\/schema\/logo\/image\/"},"sameAs":["https:\/\/www.facebook.com\/spelperruquers\/","https:\/\/www.instagram.com\/spelperruquers\/"]}]}},"_links":{"self":[{"href":"https:\/\/spelperruquers.com\/ca\/wp-json\/wp\/v2\/pages\/6380"}],"collection":[{"href":"https:\/\/spelperruquers.com\/ca\/wp-json\/wp\/v2\/pages"}],"about":[{"href":"https:\/\/spelperruquers.com\/ca\/wp-json\/wp\/v2\/types\/page"}],"author":[{"embeddable":true,"href":"https:\/\/spelperruquers.com\/ca\/wp-json\/wp\/v2\/users\/2"}],"replies":[{"embeddable":true,"href":"https:\/\/spelperruquers.com\/ca\/wp-json\/wp\/v2\/comments?post=6380"}],"version-history":[{"count":5,"href":"https:\/\/spelperruquers.com\/ca\/wp-json\/wp\/v2\/pages\/6380\/revisions"}],"predecessor-version":[{"id":6535,"href":"https:\/\/spelperruquers.com\/ca\/wp-json\/wp\/v2\/pages\/6380\/revisions\/6535"}],"wp:attachment":[{"href":"https:\/\/spelperruquers.com\/ca\/wp-json\/wp\/v2\/media?parent=6380"}],"curies":[{"name":"wp","href":"https:\/\/api.w.org\/{rel}","templated":true}]}}