{"id":5969,"date":"2017-02-05T16:42:30","date_gmt":"2017-02-05T16:42:30","guid":{"rendered":"https:\/\/spelperruquers.com\/?page_id=5969"},"modified":"2021-04-06T18:24:22","modified_gmt":"2021-04-06T18:24:22","slug":"equipo","status":"publish","type":"page","link":"https:\/\/spelperruquers.com\/ca\/equipo\/","title":{"rendered":"Equip"},"content":{"rendered":"<div class=\"wpb-content-wrapper\"><div data-edgtf-parallax-speed=\"1\" class=\"vc_row wpb_row vc_row-fluid edgtf-section vc_custom_1617733451161 edgtf-content-aligment-center edgtf-parallax-section-holder edgtf-parallax-section-holder-touch-disabled edgtf-grid-section edgtf-full-screen-height-parallax edgtf-vertical-middle-align\" style=\"\"><div class=\"edgtf-parallax-content-outer\"><div class=\"clearfix edgtf-section-inner\"><div class=\"edgtf-section-inner-margin clearfix\"><div class=\"wpb_column vc_column_container vc_col-sm-12\"><div class=\"vc_column-inner\"><div class=\"wpb_wrapper\"><div class=\"vc_empty_space\"   style=\"height: 400px\"><span class=\"vc_empty_space_inner\"><\/span><\/div><\/div><\/div><\/div><\/div><\/div><\/div><\/div><div class=\"vc_row wpb_row vc_row-fluid edgtf-section edgtf-content-aligment-left\" style=\"\"><div class=\"clearfix edgtf-full-section-inner\"><div class=\"wpb_column vc_column_container vc_col-sm-12\"><div class=\"vc_column-inner\"><div class=\"wpb_wrapper\"><div class=\"vc_empty_space\"   style=\"height: 32px\"><span class=\"vc_empty_space_inner\"><\/span><\/div><\/div><\/div><\/div><\/div><\/div><div class=\"vc_row wpb_row vc_row-fluid edgtf-section edgtf-content-aligment-left edgtf-grid-section\" style=\"\"><div class=\"clearfix edgtf-section-inner\"><div class=\"edgtf-section-inner-margin clearfix\"><div class=\"wpb_column vc_column_container vc_col-sm-12\"><div class=\"vc_column-inner\"><div class=\"wpb_wrapper\"><div class=\"edgtf-st-holder edgtf-st-title-position-center\" style=\"margin-top: 30px;margin-bottom: 60px\">\n\t\t\t<div class=\"edgtf-st-left-separator\">\n\t\t\t<span style=\"background-color: #cccccc\"><\/span>\n\t\t<\/div>\n\t\t<h2 class=\"edgtf-st-title\" >\n\t\t\t<span>EQUIP<\/span>\n\t\t<\/h2>\n\t\t<div class=\"edgtf-st-right-separator\">\n\t\t\t<span style=\"background-color: #cccccc\"><\/span>\n\t\t<\/div>\n\t<\/div><\/div><\/div><\/div><\/div><\/div><\/div><div class=\"vc_row wpb_row vc_row-fluid edgtf-section edgtf-content-aligment-left edgtf-grid-section\" style=\"\"><div class=\"clearfix edgtf-section-inner\"><div class=\"edgtf-section-inner-margin clearfix\"><div class=\"wpb_column vc_column_container vc_col-sm-6\"><div class=\"vc_column-inner\"><div class=\"wpb_wrapper\">\n\t<div class=\"wpb_text_column wpb_content_element wpb_animate_when_almost_visible wpb_left-to-right left-to-right\" >\n\t\t<div class=\"wpb_wrapper\">\n\t\t\t<h3>\"Un equip d'estilistes amb \u00e0mplia formaci\u00f3 i experi\u00e8ncia\"<\/h3>\n<p>Comptem amb un fabul\u00f3s equip de professionals en constant formaci\u00f3 que ens fa cr\u00e9ixer com a marca SPEL i evolucionar com a equip.<\/p>\n<p>El nostre principal objectiu \u00e9s mimar al m\u00e0xim la salut del cabell i la pell de cadascun dels nostres clients. T\u00e8cnics i creatius, que apostem per la qualitat i el saber fer en tots els nostres treballs i que cuidem sempre fins a l'\u00faltim detall. Som un equip competent en constant evoluci\u00f3 sempre pendent de l'actualitat en t\u00e8cniques i tend\u00e8ncies tant de perruqueria com d'est\u00e8tica.<\/p>\n\n\t\t<\/div>\n\t<\/div>\n<\/div><\/div><\/div><div class=\"wpb_column vc_column_container vc_col-sm-6\"><div class=\"vc_column-inner\"><div class=\"wpb_wrapper\">\n\t<div class=\"wpb_text_column wpb_content_element wpb_animate_when_almost_visible wpb_right-to-left right-to-left\" >\n\t\t<div class=\"wpb_wrapper\">\n\t\t\t<p>El nostre equip, alineat amb la filosofia de la marca SPEL, sap potenciar el millor de cadascun dels nostres clients i crear un \"look\" \u00fanic per a cada client, adaptat a la seva personalitat i estil de vida.<\/p>\n<p>La passi\u00f3 per la nostra feina fa que dia a dia tinguem la for\u00e7a i la il\u00b7lusi\u00f3 per seguir progressant cap a l'\u00e8xit de la marca SPEL.<\/p>\n<h3>\u00abSI VOLS ARRIBAR R\u00c0PID CAMINA SOL. SI VOLS ARRIBAR LLUNY CAMINA EN EQUIP\u00bb<\/h3>\n\n\t\t<\/div>\n\t<\/div>\n<\/div><\/div><\/div><\/div><\/div><\/div><div class=\"vc_row wpb_row vc_row-fluid edgtf-section edgtf-content-aligment-left\" style=\"\"><div class=\"clearfix edgtf-full-section-inner\"><div class=\"wpb_column vc_column_container vc_col-sm-12\"><div class=\"vc_column-inner\"><div class=\"wpb_wrapper\"><div class=\"vc_empty_space\"   style=\"height: 52px\"><span class=\"vc_empty_space_inner\"><\/span><\/div><\/div><\/div><\/div><\/div><\/div>\n<\/div>","protected":false},"excerpt":{"rendered":"EQUIPO \u201cUn equipo de estilistas con amplia formaci\u00f3n y experiencia\u201d Contamos con un fabuloso equipo de profesionales en constante formaci\u00f3n que nos hace crecer como marca SPEL y evolucionar como equipo. Nuestro principal objetivo es mimar al m\u00e1ximo la salud del cabello y la piel [...]","protected":false},"author":2,"featured_media":0,"parent":0,"menu_order":0,"comment_status":"closed","ping_status":"closed","template":"full-width.php","meta":{"footnotes":""},"yoast_head":"<!-- This site is optimized with the Yoast SEO plugin v23.0 - https:\/\/yoast.com\/wordpress\/plugins\/seo\/ -->\n<title>Equipo - spel perruquers<\/title>\n<meta name=\"robots\" content=\"index, follow, max-snippet:-1, max-image-preview:large, max-video-preview:-1\" \/>\n<link rel=\"canonical\" href=\"https:\/\/spelperruquers.com\/ca\/equipo\/\" \/>\n<meta property=\"og:locale\" content=\"ca_ES\" \/>\n<meta property=\"og:type\" content=\"article\" \/>\n<meta property=\"og:title\" content=\"Equipo - spel perruquers\" \/>\n<meta property=\"og:url\" content=\"https:\/\/spelperruquers.com\/ca\/equipo\/\" \/>\n<meta property=\"og:site_name\" content=\"spel perruquers\" \/>\n<meta property=\"article:publisher\" content=\"https:\/\/www.facebook.com\/spelperruquers\/\" \/>\n<meta property=\"article:modified_time\" content=\"2021-04-06T18:24:22+00:00\" \/>\n<meta name=\"twitter:card\" content=\"summary_large_image\" \/>\n<meta name=\"twitter:label1\" content=\"Temps estimat de lectura\" \/>\n\t<meta name=\"twitter:data1\" content=\"1 minut\" \/>\n<script type=\"application\/ld+json\" class=\"yoast-schema-graph\">{\"@context\":\"https:\/\/schema.org\",\"@graph\":[{\"@type\":\"WebPage\",\"@id\":\"https:\/\/spelperruquers.com\/ca\/equipo\/\",\"url\":\"https:\/\/spelperruquers.com\/ca\/equipo\/\",\"name\":\"Equipo - spel perruquers\",\"isPartOf\":{\"@id\":\"https:\/\/spelperruquers.com\/ca\/#website\"},\"datePublished\":\"2017-02-05T16:42:30+00:00\",\"dateModified\":\"2021-04-06T18:24:22+00:00\",\"breadcrumb\":{\"@id\":\"https:\/\/spelperruquers.com\/ca\/equipo\/#breadcrumb\"},\"inLanguage\":\"ca\",\"potentialAction\":[{\"@type\":\"ReadAction\",\"target\":[\"https:\/\/spelperruquers.com\/ca\/equipo\/\"]}]},{\"@type\":\"BreadcrumbList\",\"@id\":\"https:\/\/spelperruquers.com\/ca\/equipo\/#breadcrumb\",\"itemListElement\":[{\"@type\":\"ListItem\",\"position\":1,\"name\":\"Portada\",\"item\":\"https:\/\/spelperruquers.com\/\"},{\"@type\":\"ListItem\",\"position\":2,\"name\":\"Equipo\"}]},{\"@type\":\"WebSite\",\"@id\":\"https:\/\/spelperruquers.com\/ca\/#website\",\"url\":\"https:\/\/spelperruquers.com\/ca\/\",\"name\":\"spel perruquers\",\"description\":\"spel by Vanessa Espelt\",\"publisher\":{\"@id\":\"https:\/\/spelperruquers.com\/ca\/#organization\"},\"potentialAction\":[{\"@type\":\"SearchAction\",\"target\":{\"@type\":\"EntryPoint\",\"urlTemplate\":\"https:\/\/spelperruquers.com\/ca\/?s={search_term_string}\"},\"query-input\":\"required name=search_term_string\"}],\"inLanguage\":\"ca\"},{\"@type\":\"Organization\",\"@id\":\"https:\/\/spelperruquers.com\/ca\/#organization\",\"name\":\"spel by Vanessa Espelt\",\"url\":\"https:\/\/spelperruquers.com\/ca\/\",\"logo\":{\"@type\":\"ImageObject\",\"inLanguage\":\"ca\",\"@id\":\"https:\/\/spelperruquers.com\/ca\/#\/schema\/logo\/image\/\",\"url\":\"https:\/\/spelperruquers.com\/wp-content\/uploads\/2019\/08\/logoweb3.png\",\"contentUrl\":\"https:\/\/spelperruquers.com\/wp-content\/uploads\/2019\/08\/logoweb3.png\",\"width\":343,\"height\":140,\"caption\":\"spel by Vanessa Espelt\"},\"image\":{\"@id\":\"https:\/\/spelperruquers.com\/ca\/#\/schema\/logo\/image\/\"},\"sameAs\":[\"https:\/\/www.facebook.com\/spelperruquers\/\",\"https:\/\/www.instagram.com\/spelperruquers\/\"]}]}<\/script>\n<!-- \/ Yoast SEO plugin. -->","yoast_head_json":{"title":"Equipo - spel perruquers","robots":{"index":"index","follow":"follow","max-snippet":"max-snippet:-1","max-image-preview":"max-image-preview:large","max-video-preview":"max-video-preview:-1"},"canonical":"https:\/\/spelperruquers.com\/ca\/equipo\/","og_locale":"ca_ES","og_type":"article","og_title":"Equipo - spel perruquers","og_url":"https:\/\/spelperruquers.com\/ca\/equipo\/","og_site_name":"spel perruquers","article_publisher":"https:\/\/www.facebook.com\/spelperruquers\/","article_modified_time":"2021-04-06T18:24:22+00:00","twitter_card":"summary_large_image","twitter_misc":{"Temps estimat de lectura":"1 minut"},"schema":{"@context":"https:\/\/schema.org","@graph":[{"@type":"WebPage","@id":"https:\/\/spelperruquers.com\/ca\/equipo\/","url":"https:\/\/spelperruquers.com\/ca\/equipo\/","name":"Equipo - spel perruquers","isPartOf":{"@id":"https:\/\/spelperruquers.com\/ca\/#website"},"datePublished":"2017-02-05T16:42:30+00:00","dateModified":"2021-04-06T18:24:22+00:00","breadcrumb":{"@id":"https:\/\/spelperruquers.com\/ca\/equipo\/#breadcrumb"},"inLanguage":"ca","potentialAction":[{"@type":"ReadAction","target":["https:\/\/spelperruquers.com\/ca\/equipo\/"]}]},{"@type":"BreadcrumbList","@id":"https:\/\/spelperruquers.com\/ca\/equipo\/#breadcrumb","itemListElement":[{"@type":"ListItem","position":1,"name":"Portada","item":"https:\/\/spelperruquers.com\/"},{"@type":"ListItem","position":2,"name":"Equipo"}]},{"@type":"WebSite","@id":"https:\/\/spelperruquers.com\/ca\/#website","url":"https:\/\/spelperruquers.com\/ca\/","name":"spel perruquers","description":"spel by Vanessa Espelt","publisher":{"@id":"https:\/\/spelperruquers.com\/ca\/#organization"},"potentialAction":[{"@type":"SearchAction","target":{"@type":"EntryPoint","urlTemplate":"https:\/\/spelperruquers.com\/ca\/?s={search_term_string}"},"query-input":"required name=search_term_string"}],"inLanguage":"ca"},{"@type":"Organization","@id":"https:\/\/spelperruquers.com\/ca\/#organization","name":"spel by Vanessa Espelt","url":"https:\/\/spelperruquers.com\/ca\/","logo":{"@type":"ImageObject","inLanguage":"ca","@id":"https:\/\/spelperruquers.com\/ca\/#\/schema\/logo\/image\/","url":"https:\/\/spelperruquers.com\/wp-content\/uploads\/2019\/08\/logoweb3.png","contentUrl":"https:\/\/spelperruquers.com\/wp-content\/uploads\/2019\/08\/logoweb3.png","width":343,"height":140,"caption":"spel by Vanessa Espelt"},"image":{"@id":"https:\/\/spelperruquers.com\/ca\/#\/schema\/logo\/image\/"},"sameAs":["https:\/\/www.facebook.com\/spelperruquers\/","https:\/\/www.instagram.com\/spelperruquers\/"]}]}},"_links":{"self":[{"href":"https:\/\/spelperruquers.com\/ca\/wp-json\/wp\/v2\/pages\/5969"}],"collection":[{"href":"https:\/\/spelperruquers.com\/ca\/wp-json\/wp\/v2\/pages"}],"about":[{"href":"https:\/\/spelperruquers.com\/ca\/wp-json\/wp\/v2\/types\/page"}],"author":[{"embeddable":true,"href":"https:\/\/spelperruquers.com\/ca\/wp-json\/wp\/v2\/users\/2"}],"replies":[{"embeddable":true,"href":"https:\/\/spelperruquers.com\/ca\/wp-json\/wp\/v2\/comments?post=5969"}],"version-history":[{"count":37,"href":"https:\/\/spelperruquers.com\/ca\/wp-json\/wp\/v2\/pages\/5969\/revisions"}],"predecessor-version":[{"id":6541,"href":"https:\/\/spelperruquers.com\/ca\/wp-json\/wp\/v2\/pages\/5969\/revisions\/6541"}],"wp:attachment":[{"href":"https:\/\/spelperruquers.com\/ca\/wp-json\/wp\/v2\/media?parent=5969"}],"curies":[{"name":"wp","href":"https:\/\/api.w.org\/{rel}","templated":true}]}}