{"id":1459,"date":"2016-03-25T10:54:35","date_gmt":"2016-03-25T10:54:35","guid":{"rendered":"http:\/\/walker.edge-themes.com\/?page_id=1459"},"modified":"2019-12-20T16:47:19","modified_gmt":"2019-12-20T16:47:19","slug":"vanessa-espelt","status":"publish","type":"page","link":"https:\/\/spelperruquers.com\/ca\/vanessa-espelt\/","title":{"rendered":"Vanessa Espelt"},"content":{"rendered":"<div class=\"wpb-content-wrapper\"><div data-edgtf-parallax-speed=\"1\" class=\"vc_row wpb_row vc_row-fluid edgtf-section vc_custom_1576860418335 edgtf-content-aligment-center edgtf-parallax-section-holder edgtf-parallax-section-holder-touch-disabled edgtf-grid-section edgtf-full-screen-height-parallax\" style=\"\"><div class=\"edgtf-parallax-content-outer\"><div class=\"clearfix edgtf-section-inner\"><div class=\"edgtf-section-inner-margin clearfix\"><div class=\"wpb_column vc_column_container vc_col-sm-12\"><div class=\"vc_column-inner\"><div class=\"wpb_wrapper\"><div class=\"vc_empty_space\"   style=\"height: 400px\"><span class=\"vc_empty_space_inner\"><\/span><\/div><\/div><\/div><\/div><\/div><\/div><\/div><\/div><div class=\"vc_row wpb_row vc_row-fluid edgtf-section edgtf-content-aligment-left edgtf-grid-section\" style=\"\"><div class=\"clearfix edgtf-section-inner\"><div class=\"edgtf-section-inner-margin clearfix\"><div class=\"wpb_column vc_column_container vc_col-sm-12\"><div class=\"vc_column-inner\"><div class=\"wpb_wrapper\"><div class=\"vc_empty_space\"   style=\"height: 32px\"><span class=\"vc_empty_space_inner\"><\/span><\/div><div class=\"edgtf-st-holder edgtf-st-title-position-center\" style=\"margin-top: 30px;margin-bottom: 60px\">\n\t\t\t<div class=\"edgtf-st-left-separator\">\n\t\t\t<span style=\"background-color: #cccccc\"><\/span>\n\t\t<\/div>\n\t\t<h2 class=\"edgtf-st-title\" >\n\t\t\t<span>VANESSA ESPELT<\/span>\n\t\t<\/h2>\n\t\t<div class=\"edgtf-st-right-separator\">\n\t\t\t<span style=\"background-color: #cccccc\"><\/span>\n\t\t<\/div>\n\t<\/div><\/div><\/div><\/div><\/div><\/div><\/div><div class=\"vc_row wpb_row vc_row-fluid edgtf-section edgtf-content-aligment-left edgtf-grid-section\" style=\"\"><div class=\"clearfix edgtf-section-inner\"><div class=\"edgtf-section-inner-margin clearfix\"><div class=\"wpb_column vc_column_container vc_col-sm-6\"><div class=\"vc_column-inner\"><div class=\"wpb_wrapper\">\n\t<div class=\"wpb_text_column wpb_content_element wpb_animate_when_almost_visible wpb_left-to-right left-to-right\" >\n\t\t<div class=\"wpb_wrapper\">\n\t\t\t<p>Vaig comen\u00e7ar amb 13 anys en una petita perruqueria prop de Berga, on vaig descobrir que la meva gran passi\u00f3 era ser perruquera. Durant 6 anys em vaig formar a les grans firmes m\u00e9s conegudes del sector com Cebado (Barcelona), Toni &amp; Guy (Londres) i R\u00ednxols (Madrid), on vaig cr\u00e9ixer professionalment, aix\u00ed mateix vaig treballar en salons de Cebado col\u00b7laborant amb el seu equip creatiu i de formaci\u00f3 per donar a con\u00e8ixer les \u00faltimes tend\u00e8ncies. D'ells vaig aprendre la part m\u00e9s professional per\u00f2 sobretot el valor afegit de l'excel\u00b7l\u00e8ncia i perfecci\u00f3 en el tracte als clients.<\/p>\n<p>Despr\u00e9s d'aquests anys vaig tornar a la meva ciutat natal on vaig decidir complir el meu somni. El 26 de juliol de l'any 2006 vaig obrir el meu propi Sal\u00f3 de perruqueria per a potenciar el meu estil de marca.<\/p>\n<p>At\u00e8s la meva traject\u00f2ria en el m\u00f3n de la perruqueria, un cop obert el Sal\u00f3 em van trucar de la gran firma l'Or\u00e9al per formar part de l'equip d'educaci\u00f3 i treballar com <em>freelance<\/em> el qual era un dels meus somnis. En aquesta nova etapa com a formadora a escala nacional, vaig rebre formacions constants en diferents ciutats dels estilites m\u00e9s importants a escala internacional com Jan Larsen (Copenhaguen), Kinki (Amsterdam), Petra Mechurova (Praga), Lefty Kikeris (Lisboa), Achim Rothenb\u00fchler (Berl\u00edn), entre d'altres. A m\u00e9s vaig rebre la formaci\u00f3 de Claude Juillard qui va crear el visagisme, un m\u00e8tode de comunicaci\u00f3 i an\u00e0lisi est\u00e8tica per real\u00e7ar la bellesa de cada persona. Totes aquestes formacions em van permetre aprendre i gaudir alhora, per\u00f2 sobretot cr\u00e9ixer com a persona tant personalment com professionalment i gaudir d'experi\u00e8ncies molt gratificants.<\/p>\n<p>Durant els anys 2007 - 2009 vaig col\u00b7laborar amb l'empresa austr\u00edaca <em>Hairdreams, <\/em>una marca d'extensions reconeguda mundialment, formant part de l'equip de formaci\u00f3 a nivell nacional.<\/p>\n\n\t\t<\/div>\n\t<\/div>\n<\/div><\/div><\/div><div class=\"wpb_column vc_column_container vc_col-sm-6\"><div class=\"vc_column-inner\"><div class=\"wpb_wrapper\">\n\t<div class=\"wpb_text_column wpb_content_element wpb_animate_when_almost_visible wpb_right-to-left right-to-left\" >\n\t\t<div class=\"wpb_wrapper\">\n\t\t\t<p>He participat en els <em>backstages<\/em> de diferents esdeveniments organitzats per l'Or\u00e9al com: Fashion night (Madrid, 2014), El Festival de cinema de M\u00e0laga (M\u00e0laga, 2015), Bridal Fashion Week (Barcelona, \u200b\u200b2016), i en diferents gales i esdeveniments de l'Or\u00e9al a ciutats com Tenerife, Santiago de Compostel\u00b7la, Madrid, Barcelona, \u200b\u200betc. A m\u00e9s vaig tenir el privilegi de formar part de la inauguraci\u00f3 de l'Acad\u00e8mia l'Or\u00e9al Barcelona (2013).<\/p>\n<p>Gr\u00e0cies a aquests esdeveniments he pogut gaudir de moltes cares conegudes del m\u00f3n de la m\u00fasica, cinema, moda, etc. com: Manu Tenorio, Marisa Jara, Edurne, Soraya, M\u00f3nica Cruz, Natalia Verbeke, Blanca Su\u00e1rez, Aina Clotet, Marc Clotet, Joana Sanz, etc.<\/p>\n<p align=\"justify\">Un dels meus \u00faltims projectes m\u00e9s importants ha estat el de realitzar el M\u00e0ster Executive Management Programme de formaci\u00f3 superior per perruquers, en gesti\u00f3 dels salons de perruqueria a Espanya (2015), desenvolupat per l'escola de negocis ESCP Europe i la marca l\u00edder de perruqueria L'Or\u00e9al Professionnel. <a href=\"https:\/\/youtu.be\/plnczv4tRS0\">(v\u00eddeo recollint el premi)<\/a><\/p>\n<p>Avui dia segueixo tenint la meva Sal\u00f3 i segueixo a l'Or\u00e9al col\u00b7laborant com a formadora amb la mateixa energia, for\u00e7a i vitalitat que el primer dia.<\/p>\n<h3>\"Molt agra\u00efda a totes les persones que m'han fet cr\u00e9ixer fins a dia d'avui\"<\/h3>\n\n\t\t<\/div>\n\t<\/div>\n<\/div><\/div><\/div><\/div><\/div><\/div><div class=\"vc_row wpb_row vc_row-fluid edgtf-section edgtf-content-aligment-left\" style=\"\"><div class=\"clearfix edgtf-full-section-inner\"><div class=\"wpb_column vc_column_container vc_col-sm-12\"><div class=\"vc_column-inner\"><div class=\"wpb_wrapper\"><div class=\"vc_empty_space\"   style=\"height: 52px\"><span class=\"vc_empty_space_inner\"><\/span><\/div><\/div><\/div><\/div><\/div><\/div><div class=\"vc_row wpb_row vc_row-fluid edgtf-section edgtf-content-aligment-left\" style=\"\"><div class=\"clearfix edgtf-full-section-inner\"><div class=\"wpb_column vc_column_container vc_col-sm-12\"><div class=\"vc_column-inner\"><div class=\"wpb_wrapper\"><\/div><\/div><\/div><\/div><\/div>\n<\/div>","protected":false},"excerpt":{"rendered":"VANESSA ESPELT Empec\u00e9 con 13 a\u00f1os en una peque\u00f1a peluquer\u00eda cerca de Berga, d\u00f3nde descubr\u00ed que mi gran pasi\u00f3n era ser peluquera. Durante 6 a\u00f1os me form\u00e9 en las grandes firmas m\u00e1s conocidas del sector como Cebado (Barcelona), Toni&amp;Guy (Londres) y Rizos (Madrid), d\u00f3nde crec\u00ed [...]","protected":false},"author":2,"featured_media":0,"parent":0,"menu_order":0,"comment_status":"closed","ping_status":"closed","template":"full-width.php","meta":{"footnotes":""},"yoast_head":"<!-- This site is optimized with the Yoast SEO plugin v23.0 - https:\/\/yoast.com\/wordpress\/plugins\/seo\/ -->\n<title>spel perruquers - Vanessa Espelt<\/title>\n<meta name=\"robots\" content=\"index, follow, max-snippet:-1, max-image-preview:large, max-video-preview:-1\" \/>\n<link rel=\"canonical\" href=\"https:\/\/spelperruquers.com\/ca\/vanessa-espelt\/\" \/>\n<meta property=\"og:locale\" content=\"ca_ES\" \/>\n<meta property=\"og:type\" content=\"article\" \/>\n<meta property=\"og:title\" content=\"spel perruquers - Vanessa Espelt\" \/>\n<meta property=\"og:url\" content=\"https:\/\/spelperruquers.com\/ca\/vanessa-espelt\/\" \/>\n<meta property=\"og:site_name\" content=\"spel perruquers\" \/>\n<meta property=\"article:publisher\" content=\"https:\/\/www.facebook.com\/spelperruquers\/\" \/>\n<meta property=\"article:modified_time\" content=\"2019-12-20T16:47:19+00:00\" \/>\n<meta name=\"twitter:card\" content=\"summary_large_image\" \/>\n<meta name=\"twitter:label1\" content=\"Temps estimat de lectura\" \/>\n\t<meta name=\"twitter:data1\" content=\"3 minuts\" \/>\n<script type=\"application\/ld+json\" class=\"yoast-schema-graph\">{\"@context\":\"https:\/\/schema.org\",\"@graph\":[{\"@type\":\"WebPage\",\"@id\":\"https:\/\/spelperruquers.com\/es\/vanessa-espelt\/\",\"url\":\"https:\/\/spelperruquers.com\/es\/vanessa-espelt\/\",\"name\":\"spel perruquers - Vanessa Espelt\",\"isPartOf\":{\"@id\":\"https:\/\/spelperruquers.com\/ca\/#website\"},\"datePublished\":\"2016-03-25T10:54:35+00:00\",\"dateModified\":\"2019-12-20T16:47:19+00:00\",\"breadcrumb\":{\"@id\":\"https:\/\/spelperruquers.com\/es\/vanessa-espelt\/#breadcrumb\"},\"inLanguage\":\"ca\",\"potentialAction\":[{\"@type\":\"ReadAction\",\"target\":[\"https:\/\/spelperruquers.com\/es\/vanessa-espelt\/\"]}]},{\"@type\":\"BreadcrumbList\",\"@id\":\"https:\/\/spelperruquers.com\/es\/vanessa-espelt\/#breadcrumb\",\"itemListElement\":[{\"@type\":\"ListItem\",\"position\":1,\"name\":\"Portada\",\"item\":\"https:\/\/spelperruquers.com\/\"},{\"@type\":\"ListItem\",\"position\":2,\"name\":\"Vanessa Espelt\"}]},{\"@type\":\"WebSite\",\"@id\":\"https:\/\/spelperruquers.com\/ca\/#website\",\"url\":\"https:\/\/spelperruquers.com\/ca\/\",\"name\":\"spel perruquers\",\"description\":\"spel by Vanessa Espelt\",\"publisher\":{\"@id\":\"https:\/\/spelperruquers.com\/ca\/#organization\"},\"potentialAction\":[{\"@type\":\"SearchAction\",\"target\":{\"@type\":\"EntryPoint\",\"urlTemplate\":\"https:\/\/spelperruquers.com\/ca\/?s={search_term_string}\"},\"query-input\":\"required name=search_term_string\"}],\"inLanguage\":\"ca\"},{\"@type\":\"Organization\",\"@id\":\"https:\/\/spelperruquers.com\/ca\/#organization\",\"name\":\"spel by Vanessa Espelt\",\"url\":\"https:\/\/spelperruquers.com\/ca\/\",\"logo\":{\"@type\":\"ImageObject\",\"inLanguage\":\"ca\",\"@id\":\"https:\/\/spelperruquers.com\/ca\/#\/schema\/logo\/image\/\",\"url\":\"https:\/\/spelperruquers.com\/wp-content\/uploads\/2019\/08\/logoweb3.png\",\"contentUrl\":\"https:\/\/spelperruquers.com\/wp-content\/uploads\/2019\/08\/logoweb3.png\",\"width\":343,\"height\":140,\"caption\":\"spel by Vanessa Espelt\"},\"image\":{\"@id\":\"https:\/\/spelperruquers.com\/ca\/#\/schema\/logo\/image\/\"},\"sameAs\":[\"https:\/\/www.facebook.com\/spelperruquers\/\",\"https:\/\/www.instagram.com\/spelperruquers\/\"]}]}<\/script>\n<!-- \/ Yoast SEO plugin. -->","yoast_head_json":{"title":"spel perruquers - Vanessa Espelt","robots":{"index":"index","follow":"follow","max-snippet":"max-snippet:-1","max-image-preview":"max-image-preview:large","max-video-preview":"max-video-preview:-1"},"canonical":"https:\/\/spelperruquers.com\/ca\/vanessa-espelt\/","og_locale":"ca_ES","og_type":"article","og_title":"spel perruquers - Vanessa Espelt","og_url":"https:\/\/spelperruquers.com\/ca\/vanessa-espelt\/","og_site_name":"spel perruquers","article_publisher":"https:\/\/www.facebook.com\/spelperruquers\/","article_modified_time":"2019-12-20T16:47:19+00:00","twitter_card":"summary_large_image","twitter_misc":{"Temps estimat de lectura":"3 minuts"},"schema":{"@context":"https:\/\/schema.org","@graph":[{"@type":"WebPage","@id":"https:\/\/spelperruquers.com\/es\/vanessa-espelt\/","url":"https:\/\/spelperruquers.com\/es\/vanessa-espelt\/","name":"spel perruquers - Vanessa Espelt","isPartOf":{"@id":"https:\/\/spelperruquers.com\/ca\/#website"},"datePublished":"2016-03-25T10:54:35+00:00","dateModified":"2019-12-20T16:47:19+00:00","breadcrumb":{"@id":"https:\/\/spelperruquers.com\/es\/vanessa-espelt\/#breadcrumb"},"inLanguage":"ca","potentialAction":[{"@type":"ReadAction","target":["https:\/\/spelperruquers.com\/es\/vanessa-espelt\/"]}]},{"@type":"BreadcrumbList","@id":"https:\/\/spelperruquers.com\/es\/vanessa-espelt\/#breadcrumb","itemListElement":[{"@type":"ListItem","position":1,"name":"Portada","item":"https:\/\/spelperruquers.com\/"},{"@type":"ListItem","position":2,"name":"Vanessa Espelt"}]},{"@type":"WebSite","@id":"https:\/\/spelperruquers.com\/ca\/#website","url":"https:\/\/spelperruquers.com\/ca\/","name":"spel perruquers","description":"spel by Vanessa Espelt","publisher":{"@id":"https:\/\/spelperruquers.com\/ca\/#organization"},"potentialAction":[{"@type":"SearchAction","target":{"@type":"EntryPoint","urlTemplate":"https:\/\/spelperruquers.com\/ca\/?s={search_term_string}"},"query-input":"required name=search_term_string"}],"inLanguage":"ca"},{"@type":"Organization","@id":"https:\/\/spelperruquers.com\/ca\/#organization","name":"spel by Vanessa Espelt","url":"https:\/\/spelperruquers.com\/ca\/","logo":{"@type":"ImageObject","inLanguage":"ca","@id":"https:\/\/spelperruquers.com\/ca\/#\/schema\/logo\/image\/","url":"https:\/\/spelperruquers.com\/wp-content\/uploads\/2019\/08\/logoweb3.png","contentUrl":"https:\/\/spelperruquers.com\/wp-content\/uploads\/2019\/08\/logoweb3.png","width":343,"height":140,"caption":"spel by Vanessa Espelt"},"image":{"@id":"https:\/\/spelperruquers.com\/ca\/#\/schema\/logo\/image\/"},"sameAs":["https:\/\/www.facebook.com\/spelperruquers\/","https:\/\/www.instagram.com\/spelperruquers\/"]}]}},"_links":{"self":[{"href":"https:\/\/spelperruquers.com\/ca\/wp-json\/wp\/v2\/pages\/1459"}],"collection":[{"href":"https:\/\/spelperruquers.com\/ca\/wp-json\/wp\/v2\/pages"}],"about":[{"href":"https:\/\/spelperruquers.com\/ca\/wp-json\/wp\/v2\/types\/page"}],"author":[{"embeddable":true,"href":"https:\/\/spelperruquers.com\/ca\/wp-json\/wp\/v2\/users\/2"}],"replies":[{"embeddable":true,"href":"https:\/\/spelperruquers.com\/ca\/wp-json\/wp\/v2\/comments?post=1459"}],"version-history":[{"count":58,"href":"https:\/\/spelperruquers.com\/ca\/wp-json\/wp\/v2\/pages\/1459\/revisions"}],"predecessor-version":[{"id":6449,"href":"https:\/\/spelperruquers.com\/ca\/wp-json\/wp\/v2\/pages\/1459\/revisions\/6449"}],"wp:attachment":[{"href":"https:\/\/spelperruquers.com\/ca\/wp-json\/wp\/v2\/media?parent=1459"}],"curies":[{"name":"wp","href":"https:\/\/api.w.org\/{rel}","templated":true}]}}